{"id":9309,"date":"2018-06-01T06:52:55","date_gmt":"2018-06-01T06:52:55","guid":{"rendered":"https:\/\/hongo.themezaa.com\/?page_id=9309"},"modified":"2022-06-06T23:19:16","modified_gmt":"2022-06-06T23:19:16","slug":"about-us","status":"publish","type":"page","link":"https:\/\/villavicenciodesign.com\/nb\/about-us\/","title":{"rendered":"OM VILLAVICENCIO"},"content":{"rendered":"<section data-vc-full-width=\"true\" data-vc-full-width-init=\"false\" data-vc-stretch-content=\"true\" class=\"vc_row wpb_row vc_row-fluid  vc_custom_1572682670942   hongo-stretch-content hongo-stretch-content-fluid vc_row-o-equal-height vc_row-o-content-middle vc_row-flex  hongo_responsive_1572682670956\"><div class=\"wpb_column vc_column_container col-xs-mobile-fullwidth vc_col-sm-12 vc_col-md-6\"><div class=\"vc_column-inner  hongo_responsive_1565160967363\"><div class=\"wpb_wrapper\"><div class=\"wpb_single_image    hongo-full-width-single-image\">\n\t\t\t<figure class=\"wpb_wrapper vc_figure\">\n\t\t\t\t<div class=\"vc_single_image-wrapper\"><img loading=\"lazy\" decoding=\"async\" width=\"2560\" height=\"1707\" src=\"https:\/\/i0.wp.com\/villavicenciodesign.com\/wp-content\/uploads\/2021\/03\/VILLAVICENCIO3-scaled.jpg?fit=2560%2C1707&amp;ssl=1\" class=\"vc_single_image-img attachment-full\" alt=\"\" srcset=\"https:\/\/i0.wp.com\/villavicenciodesign.com\/wp-content\/uploads\/2021\/03\/VILLAVICENCIO3-scaled.jpg?w=2560&amp;ssl=1 2560w, https:\/\/i0.wp.com\/villavicenciodesign.com\/wp-content\/uploads\/2021\/03\/VILLAVICENCIO3-scaled.jpg?resize=300%2C200&amp;ssl=1 300w, https:\/\/i0.wp.com\/villavicenciodesign.com\/wp-content\/uploads\/2021\/03\/VILLAVICENCIO3-scaled.jpg?resize=1024%2C683&amp;ssl=1 1024w, https:\/\/i0.wp.com\/villavicenciodesign.com\/wp-content\/uploads\/2021\/03\/VILLAVICENCIO3-scaled.jpg?resize=768%2C512&amp;ssl=1 768w, https:\/\/i0.wp.com\/villavicenciodesign.com\/wp-content\/uploads\/2021\/03\/VILLAVICENCIO3-scaled.jpg?resize=1536%2C1024&amp;ssl=1 1536w, https:\/\/i0.wp.com\/villavicenciodesign.com\/wp-content\/uploads\/2021\/03\/VILLAVICENCIO3-scaled.jpg?resize=2048%2C1365&amp;ssl=1 2048w, https:\/\/i0.wp.com\/villavicenciodesign.com\/wp-content\/uploads\/2021\/03\/VILLAVICENCIO3-scaled.jpg?resize=84%2C56&amp;ssl=1 84w, https:\/\/i0.wp.com\/villavicenciodesign.com\/wp-content\/uploads\/2021\/03\/VILLAVICENCIO3-scaled.jpg?resize=200%2C133&amp;ssl=1 200w, https:\/\/i0.wp.com\/villavicenciodesign.com\/wp-content\/uploads\/2021\/03\/VILLAVICENCIO3-scaled.jpg?resize=450%2C300&amp;ssl=1 450w, https:\/\/i0.wp.com\/villavicenciodesign.com\/wp-content\/uploads\/2021\/03\/VILLAVICENCIO3-scaled.jpg?resize=1185%2C790&amp;ssl=1 1185w, https:\/\/i0.wp.com\/villavicenciodesign.com\/wp-content\/uploads\/2021\/03\/VILLAVICENCIO3-scaled.jpg?resize=360%2C240&amp;ssl=1 360w, https:\/\/i0.wp.com\/villavicenciodesign.com\/wp-content\/uploads\/2021\/03\/VILLAVICENCIO3-scaled.jpg?resize=800%2C533&amp;ssl=1 800w\" sizes=\"auto, (max-width: 1000px) 100vw, 1000px\" \/><\/div>\n\t\t\t<\/figure>\n\t\t\t\n\t\t<\/div><\/div><\/div><\/div><div class=\"wpb_column vc_column_container col-xs-mobile-fullwidth vc_col-sm-12 vc_col-md-6\"><div class=\"vc_column-inner vc_custom_1616382167682  hongo_responsive_1616382167685\"><div class=\"wpb_wrapper\"><div class=\"alt-font heading-style-5 vc_custom_1616375309760  hongo_responsive_1616375309762 heading-1 hongo-section-heading hongo_font_1616375309759\"><span>ETABLERT I 2019<\/span><\/div><div class=\"alt-font heading-style-3 vc_custom_1622587228511 heading-2 hongo-section-heading hongo_font_1622587228510\">H\u00e5ndvevde Ecuadorianske panamahatter<\/div><div class=\"text-block-content hongo-text-block-1 last-paragraph-no-margin\"><p class=\"p1\">Villavicencio Design er en familiebedrift som startet eventyret v\u00e5rt i 2019, et ecuadoriansk merke som st\u00f8tter nasjonale h\u00e5ndlagde produkter.<span class=\"Apple-converted-space\">\u00a0<\/span><\/p>\n<p class=\"p1\">Vi har stor tro p\u00e5 at hvert Villavicencio Design-produkt deler en immateriell kulturell verdi, en familiearv fra Amazonas i Ecuador og kystomr\u00e5der til verden.<\/p>\n<p class=\"p1\">V\u00e5rt oppdrag er \u00e5 styrke den lokale utviklingen i landlige samfunn i Andesfjellene i Azuay-provinsen, og gi v\u00e5re h\u00e5ndverkere en b\u00e6rekraftig og rettferdig handel hele \u00e5ret rundt.<\/p>\n<\/div><\/div><\/div><\/div><\/section><div class=\"vc_row-full-width vc_clearfix\"><\/div><section data-vc-full-width=\"true\" data-vc-full-width-init=\"false\" data-vc-stretch-content=\"true\" class=\"vc_row wpb_row vc_row-fluid  vc_custom_1572682670942   hongo-stretch-content hongo-stretch-content-fluid vc_row-o-equal-height vc_row-o-content-middle vc_row-flex  hongo_responsive_1572682670956\"><div class=\"wpb_column vc_column_container col-xs-mobile-fullwidth vc_col-sm-12 vc_col-md-6\"><div class=\"vc_column-inner  hongo_responsive_1565160967363\"><div class=\"wpb_wrapper\"><div class=\"alt-font heading-style-5 vc_custom_1616375458788  hongo_responsive_1616375458790 heading-3 hongo-section-heading hongo_font_1616375458787\"><span>Villavicencio Design<\/span><\/div><div class=\"alt-font heading-style-3 vc_custom_1616375438944 heading-4 hongo-section-heading hongo_font_1616375438943\">V\u00e5re produkter<\/div><div class=\"text-block-content hongo-text-block-2 last-paragraph-no-margin\"><p class=\"p1\">Alle produktene v\u00e5re er 100% h\u00e5ndvevd i Ecuador av de fineste fibrene fra et palmetre kalt \"Carludovica Palmata\", lokalt kjent som Paja Toquilla, en b\u00e6rekraftig h\u00f8stet, fornybar ressurs.<span class=\"Apple-converted-space\">\u00a0<\/span><\/p>\n<p class=\"p1\">Kunsten \u00e5 veve en hatt kan ta fra seks dager til fem m\u00e5neder, avhengig av kvaliteten og finessen til produktet. Toquilla str\u00e5hatter ble popul\u00e6re og verdenskjente som Panama hatt grunnet byggingen av Panamakanalen. Hattene ble brukt som solbeskyttelse p\u00e5 grunn av de fine egenskapene til Cardulovica Palmata som tilbyr friskhet p\u00e5 solfylte dager.<span class=\"Apple-converted-space\">\u00a0<\/span><\/p>\n<\/div><\/div><\/div><\/div><div class=\"wpb_column vc_column_container col-xs-mobile-fullwidth vc_col-sm-12 vc_col-md-6 text-left sm-text-center\"><div class=\"vc_column-inner vc_custom_1565160907779  hongo_responsive_1565160907785\"><div class=\"wpb_wrapper\"><div class=\"wpb_single_image    hongo-full-width-single-image\">\n\t\t\t<figure class=\"wpb_wrapper vc_figure\">\n\t\t\t\t<div class=\"vc_single_image-wrapper\"><img loading=\"lazy\" decoding=\"async\" width=\"850\" height=\"850\" src=\"https:\/\/i0.wp.com\/villavicenciodesign.com\/wp-content\/uploads\/2021\/03\/PICTURE-2-ABOUT-US.png?fit=850%2C850&amp;ssl=1\" class=\"vc_single_image-img attachment-full\" alt=\"\" srcset=\"https:\/\/i0.wp.com\/villavicenciodesign.com\/wp-content\/uploads\/2021\/03\/PICTURE-2-ABOUT-US.png?w=850&amp;ssl=1 850w, https:\/\/i0.wp.com\/villavicenciodesign.com\/wp-content\/uploads\/2021\/03\/PICTURE-2-ABOUT-US.png?resize=300%2C300&amp;ssl=1 300w, https:\/\/i0.wp.com\/villavicenciodesign.com\/wp-content\/uploads\/2021\/03\/PICTURE-2-ABOUT-US.png?resize=150%2C150&amp;ssl=1 150w, https:\/\/i0.wp.com\/villavicenciodesign.com\/wp-content\/uploads\/2021\/03\/PICTURE-2-ABOUT-US.png?resize=768%2C768&amp;ssl=1 768w, https:\/\/i0.wp.com\/villavicenciodesign.com\/wp-content\/uploads\/2021\/03\/PICTURE-2-ABOUT-US.png?resize=64%2C64&amp;ssl=1 64w, https:\/\/i0.wp.com\/villavicenciodesign.com\/wp-content\/uploads\/2021\/03\/PICTURE-2-ABOUT-US.png?resize=84%2C84&amp;ssl=1 84w, https:\/\/i0.wp.com\/villavicenciodesign.com\/wp-content\/uploads\/2021\/03\/PICTURE-2-ABOUT-US.png?resize=200%2C200&amp;ssl=1 200w, https:\/\/i0.wp.com\/villavicenciodesign.com\/wp-content\/uploads\/2021\/03\/PICTURE-2-ABOUT-US.png?resize=450%2C450&amp;ssl=1 450w, https:\/\/i0.wp.com\/villavicenciodesign.com\/wp-content\/uploads\/2021\/03\/PICTURE-2-ABOUT-US.png?resize=790%2C790&amp;ssl=1 790w, https:\/\/i0.wp.com\/villavicenciodesign.com\/wp-content\/uploads\/2021\/03\/PICTURE-2-ABOUT-US.png?resize=360%2C360&amp;ssl=1 360w, https:\/\/i0.wp.com\/villavicenciodesign.com\/wp-content\/uploads\/2021\/03\/PICTURE-2-ABOUT-US.png?resize=800%2C800&amp;ssl=1 800w, https:\/\/i0.wp.com\/villavicenciodesign.com\/wp-content\/uploads\/2021\/03\/PICTURE-2-ABOUT-US.png?resize=100%2C100&amp;ssl=1 100w\" sizes=\"auto, (max-width: 850px) 100vw, 850px\" \/><\/div>\n\t\t\t<\/figure>\n\t\t\t\n\t\t<\/div><\/div><\/div><\/div><\/section><div class=\"vc_row-full-width vc_clearfix\"><\/div><section data-vc-full-width=\"true\" data-vc-full-width-init=\"false\" data-vc-parallax-image=\"0.5\" class=\"vc_row wpb_row vc_row-fluid  vc_custom_1616375926553   wow fadeIn vc_row-has-fill hongo-stretch-content hongo-stretch-row-container parallax\"><div class=\"hongo-overlay\" style=\"opacity:0.7; background: #232323;z-index:0; \"><\/div><div class=\"wpb_column vc_column_container vc_col-sm-10 vc_col-lg-offset-3 vc_col-lg-6 vc_col-md-offset-2 vc_col-md-8 vc_col-sm-offset-1 vc_col-xs-12 wow fadeInUp text-center\" data-wow-delay= \"400ms\"><div class=\"vc_column-inner\"><div class=\"wpb_wrapper\"><div class=\"blockquote-style-2 hongo-blockquote-2-1\"><i class=\"fab fa-redhat icon-extra-medium\"><\/i><div class=\"blockquote-content last-paragraph-no-margin hongo_font_1646388743747 alt-font\"><p class=\"p1\"><span class=\"Apple-converted-space\">\u00a0<\/span>Toquilla Str\u00e5 Hatt ble anerkjent av UNESCO i 2012 som Ecuadoriansk immateriell kulturarv for menneskeheten.<\/p>\n<\/div><\/div><\/div><\/div><\/div><\/section><div class=\"vc_row-full-width vc_clearfix\"><\/div><section class=\"vc_row wpb_row vc_row-fluid\"><div class=\"wpb_column vc_column_container col-xs-mobile-fullwidth vc_col-sm-12\"><div class=\"vc_column-inner\"><div class=\"wpb_wrapper\"><\/div><\/div><\/div><\/section>","protected":false},"excerpt":{"rendered":"STARTED SINCE 2019Handwoven Ecuadorian Panama HatsVillavicencio Design is a family business, who started our adventure in 2019 as an Ecuadorian brand supporting national handmade products.\u00a0 We strongly believe that in every Villavicencio Design product, we are sharing an intangible cultural value, a family heritage from the Ecuadorian Amazon and coastal areas to the world. Our mission is to enhance the local development in Andean rural communities located in Azuay province, providing to our artisans a sustainable and fair-trade business all year around. Villavicencio DesignOur productsAll of our products are 100% handwoven in Ecuador from the finest fibers from a palm tree called \u201cCarludovica Palmata\u201d, locally known as Paja Toquilla, a sustainably- harvested, renewable resource.\u00a0 The art of weaving a hat can take from six days to five months, depending on the quality and finesse of the product. Toquilla straw hats got popular and world-renowned as Panama Hat due to the construction of the Panama Channel. The hats were used as sun protector accessory due to the finest qualities of the Cardulovica Palmata who offer freshness on sunny days.\u00a0 \u00a0Toquilla Straw Hat was recognized by UNESCO in 2012 as Ecuadorian Intangible Cultural Heritage of Humanity.","protected":false},"author":1,"featured_media":0,"parent":0,"menu_order":0,"comment_status":"closed","ping_status":"closed","template":"","meta":{"footnotes":""},"class_list":["post-9309","page","type-page","status-publish","hentry"],"yoast_head":"<!-- This site is optimized with the Yoast SEO plugin v27.3 - https:\/\/yoast.com\/product\/yoast-seo-wordpress\/ -->\n<title>About Villavicencio - Villavicencio Design<\/title>\n<meta name=\"robots\" content=\"index, follow, max-snippet:-1, max-image-preview:large, max-video-preview:-1\" \/>\n<link rel=\"canonical\" href=\"https:\/\/villavicenciodesign.com\/nb\/about-us\/\" \/>\n<meta property=\"og:locale\" content=\"nb_NO\" \/>\n<meta property=\"og:type\" content=\"article\" \/>\n<meta property=\"og:title\" content=\"About Villavicencio - Villavicencio Design\" \/>\n<meta property=\"og:url\" content=\"https:\/\/villavicenciodesign.com\/nb\/about-us\/\" \/>\n<meta property=\"og:site_name\" content=\"Villavicencio Design\" \/>\n<meta property=\"article:modified_time\" content=\"2022-06-06T23:19:16+00:00\" \/>\n<meta name=\"twitter:card\" content=\"summary_large_image\" \/>\n<meta name=\"twitter:label1\" content=\"Ansl. lesetid\" \/>\n\t<meta name=\"twitter:data1\" content=\"2 minutter\" \/>\n<script type=\"application\/ld+json\" class=\"yoast-schema-graph\">{\"@context\":\"https:\\\/\\\/schema.org\",\"@graph\":[{\"@type\":\"WebPage\",\"@id\":\"https:\\\/\\\/villavicenciodesign.com\\\/about-us\\\/\",\"url\":\"https:\\\/\\\/villavicenciodesign.com\\\/about-us\\\/\",\"name\":\"About Villavicencio - Villavicencio Design\",\"isPartOf\":{\"@id\":\"https:\\\/\\\/villavicenciodesign.com\\\/#website\"},\"datePublished\":\"2018-06-01T06:52:55+00:00\",\"dateModified\":\"2022-06-06T23:19:16+00:00\",\"breadcrumb\":{\"@id\":\"https:\\\/\\\/villavicenciodesign.com\\\/about-us\\\/#breadcrumb\"},\"inLanguage\":\"nb-NO\",\"potentialAction\":[{\"@type\":\"ReadAction\",\"target\":[\"https:\\\/\\\/villavicenciodesign.com\\\/about-us\\\/\"]}]},{\"@type\":\"BreadcrumbList\",\"@id\":\"https:\\\/\\\/villavicenciodesign.com\\\/about-us\\\/#breadcrumb\",\"itemListElement\":[{\"@type\":\"ListItem\",\"position\":1,\"name\":\"Home\",\"item\":\"https:\\\/\\\/villavicenciodesign.com\\\/\"},{\"@type\":\"ListItem\",\"position\":2,\"name\":\"About Villavicencio\"}]},{\"@type\":\"WebSite\",\"@id\":\"https:\\\/\\\/villavicenciodesign.com\\\/#website\",\"url\":\"https:\\\/\\\/villavicenciodesign.com\\\/\",\"name\":\"Villavicencio Design\",\"description\":\"Handwoven Panama Hats \",\"potentialAction\":[{\"@type\":\"SearchAction\",\"target\":{\"@type\":\"EntryPoint\",\"urlTemplate\":\"https:\\\/\\\/villavicenciodesign.com\\\/?s={search_term_string}\"},\"query-input\":{\"@type\":\"PropertyValueSpecification\",\"valueRequired\":true,\"valueName\":\"search_term_string\"}}],\"inLanguage\":\"nb-NO\"}]}<\/script>\n<!-- \/ Yoast SEO plugin. -->","yoast_head_json":{"title":"About Villavicencio - Villavicencio Design","robots":{"index":"index","follow":"follow","max-snippet":"max-snippet:-1","max-image-preview":"max-image-preview:large","max-video-preview":"max-video-preview:-1"},"canonical":"https:\/\/villavicenciodesign.com\/nb\/about-us\/","og_locale":"nb_NO","og_type":"article","og_title":"About Villavicencio - Villavicencio Design","og_url":"https:\/\/villavicenciodesign.com\/nb\/about-us\/","og_site_name":"Villavicencio Design","article_modified_time":"2022-06-06T23:19:16+00:00","twitter_card":"summary_large_image","twitter_misc":{"Ansl. lesetid":"2 minutter"},"schema":{"@context":"https:\/\/schema.org","@graph":[{"@type":"WebPage","@id":"https:\/\/villavicenciodesign.com\/about-us\/","url":"https:\/\/villavicenciodesign.com\/about-us\/","name":"About Villavicencio - Villavicencio Design","isPartOf":{"@id":"https:\/\/villavicenciodesign.com\/#website"},"datePublished":"2018-06-01T06:52:55+00:00","dateModified":"2022-06-06T23:19:16+00:00","breadcrumb":{"@id":"https:\/\/villavicenciodesign.com\/about-us\/#breadcrumb"},"inLanguage":"nb-NO","potentialAction":[{"@type":"ReadAction","target":["https:\/\/villavicenciodesign.com\/about-us\/"]}]},{"@type":"BreadcrumbList","@id":"https:\/\/villavicenciodesign.com\/about-us\/#breadcrumb","itemListElement":[{"@type":"ListItem","position":1,"name":"Home","item":"https:\/\/villavicenciodesign.com\/"},{"@type":"ListItem","position":2,"name":"About Villavicencio"}]},{"@type":"WebSite","@id":"https:\/\/villavicenciodesign.com\/#website","url":"https:\/\/villavicenciodesign.com\/","name":"Villavicencio Design","description":"Handwoven Panama Hats","potentialAction":[{"@type":"SearchAction","target":{"@type":"EntryPoint","urlTemplate":"https:\/\/villavicenciodesign.com\/?s={search_term_string}"},"query-input":{"@type":"PropertyValueSpecification","valueRequired":true,"valueName":"search_term_string"}}],"inLanguage":"nb-NO"}]}},"jetpack_sharing_enabled":true,"_links":{"self":[{"href":"https:\/\/villavicenciodesign.com\/nb\/wp-json\/wp\/v2\/pages\/9309","targetHints":{"allow":["GET"]}}],"collection":[{"href":"https:\/\/villavicenciodesign.com\/nb\/wp-json\/wp\/v2\/pages"}],"about":[{"href":"https:\/\/villavicenciodesign.com\/nb\/wp-json\/wp\/v2\/types\/page"}],"author":[{"embeddable":true,"href":"https:\/\/villavicenciodesign.com\/nb\/wp-json\/wp\/v2\/users\/1"}],"replies":[{"embeddable":true,"href":"https:\/\/villavicenciodesign.com\/nb\/wp-json\/wp\/v2\/comments?post=9309"}],"version-history":[{"count":20,"href":"https:\/\/villavicenciodesign.com\/nb\/wp-json\/wp\/v2\/pages\/9309\/revisions"}],"predecessor-version":[{"id":100326,"href":"https:\/\/villavicenciodesign.com\/nb\/wp-json\/wp\/v2\/pages\/9309\/revisions\/100326"}],"wp:attachment":[{"href":"https:\/\/villavicenciodesign.com\/nb\/wp-json\/wp\/v2\/media?parent=9309"}],"curies":[{"name":"wp","href":"https:\/\/api.w.org\/{rel}","templated":true}]}}