{"id":9331,"date":"2018-05-01T06:58:52","date_gmt":"2018-05-01T06:58:52","guid":{"rendered":"https:\/\/hongo.themezaa.com\/?page_id=9331"},"modified":"2022-03-04T10:07:25","modified_gmt":"2022-03-04T10:07:25","slug":"size-guide","status":"publish","type":"page","link":"https:\/\/villavicenciodesign.com\/nb\/size-guide\/","title":{"rendered":"St\u00f8rrelsesveiledning"},"content":{"rendered":"<section class=\"vc_row wpb_row vc_row-fluid     vc_row-o-content-middle vc_row-flex\"><div class=\"wpb_column vc_column_container col-xs-mobile-fullwidth vc_col-sm-7\"><div class=\"vc_column-inner\"><div class=\"wpb_wrapper\"><div class=\"alt-font heading-style-3 vc_custom_1616291573819  hongo_responsive_1616291573822 heading-1 hongo-section-heading hongo_font_1616291573819\">Hattens st\u00f8rrelse<\/div><div class=\"text-block-content hongo-text-block-1 vc_custom_1646388085742 last-paragraph-no-margin\"><p><strong>Hvordan m\u00e5le st\u00f8rrelsen p\u00e5 hatten din?<\/strong><\/p>\n<p>&nbsp;<\/p>\n<ol>\n<li style=\"text-align: left;\">Ta et m\u00e5leb\u00e5nd og legg det rundt hodet.<\/li>\n<li style=\"text-align: left;\">Bruk en tr\u00e5d rundt hodet ditt omtrent 1\/8\" (0.30cm) over \u00f8ret, p\u00e5 tvers av midten av pannen, og sirkle hele hodet. Hold b\u00e5ndet godt, men ikke for stramt.<\/li>\n<li class=\"li1\"><b><\/b><span class=\"s1\">Etter \u00e5 ha m\u00e5lt st\u00f8rrelsen p\u00e5 hodet, bla ned til bunnen av nettsiden for \u00e5 se st\u00f8rrelsestabellen.<span class=\"Apple-converted-space\">\u00a0<\/span><\/span><\/li>\n<\/ol>\n<\/div><div class=\"text-block-content hongo-text-block-2 last-paragraph-no-margin\"><p class=\"p1\"><strong>BEMERK:<\/strong><\/p>\n<p class=\"p1\"><span class=\"s1\">V\u00e5re hatter er <\/span>100% <span class=\"s1\">h\u00e5ndvevd<\/span>dette gj\u00f8r at vi kan lage hatter i alle st\u00f8rrelser.<\/p>\n<p class=\"p1\">For mellomst\u00f8rrelser, tar det normal 21 dager ekstra for levering p\u00e5 grunn av at de vil bli h\u00e5ndvevd i Ecuador og sendt til v\u00e5rt hovedkontor i Norge for distribusjon.<\/p>\n<\/div><\/div><\/div><\/div><div class=\"wpb_column vc_column_container col-xs-mobile-fullwidth vc_col-sm-4\"><div class=\"vc_column-inner\"><div class=\"wpb_wrapper\"><div class=\"wpb_single_image\">\n\t\t\t<figure class=\"wpb_wrapper vc_figure\">\n\t\t\t\t<div class=\"vc_single_image-wrapper\"><img loading=\"lazy\" decoding=\"async\" width=\"2828\" height=\"4000\" src=\"https:\/\/i0.wp.com\/villavicenciodesign.com\/wp-content\/uploads\/2021\/03\/HAts-SIZE.png?fit=2828%2C4000&amp;ssl=1\" class=\"vc_single_image-img attachment-full\" alt=\"\" srcset=\"https:\/\/i0.wp.com\/villavicenciodesign.com\/wp-content\/uploads\/2021\/03\/HAts-SIZE.png?w=2828&amp;ssl=1 2828w, https:\/\/i0.wp.com\/villavicenciodesign.com\/wp-content\/uploads\/2021\/03\/HAts-SIZE.png?resize=212%2C300&amp;ssl=1 212w, https:\/\/i0.wp.com\/villavicenciodesign.com\/wp-content\/uploads\/2021\/03\/HAts-SIZE.png?resize=724%2C1024&amp;ssl=1 724w, https:\/\/i0.wp.com\/villavicenciodesign.com\/wp-content\/uploads\/2021\/03\/HAts-SIZE.png?resize=768%2C1086&amp;ssl=1 768w, https:\/\/i0.wp.com\/villavicenciodesign.com\/wp-content\/uploads\/2021\/03\/HAts-SIZE.png?resize=1086%2C1536&amp;ssl=1 1086w, https:\/\/i0.wp.com\/villavicenciodesign.com\/wp-content\/uploads\/2021\/03\/HAts-SIZE.png?resize=1448%2C2048&amp;ssl=1 1448w, https:\/\/i0.wp.com\/villavicenciodesign.com\/wp-content\/uploads\/2021\/03\/HAts-SIZE.png?resize=84%2C119&amp;ssl=1 84w, https:\/\/i0.wp.com\/villavicenciodesign.com\/wp-content\/uploads\/2021\/03\/HAts-SIZE.png?resize=200%2C283&amp;ssl=1 200w, https:\/\/i0.wp.com\/villavicenciodesign.com\/wp-content\/uploads\/2021\/03\/HAts-SIZE.png?resize=450%2C636&amp;ssl=1 450w, https:\/\/i0.wp.com\/villavicenciodesign.com\/wp-content\/uploads\/2021\/03\/HAts-SIZE.png?resize=559%2C790&amp;ssl=1 559w, https:\/\/i0.wp.com\/villavicenciodesign.com\/wp-content\/uploads\/2021\/03\/HAts-SIZE.png?resize=360%2C509&amp;ssl=1 360w, https:\/\/i0.wp.com\/villavicenciodesign.com\/wp-content\/uploads\/2021\/03\/HAts-SIZE.png?resize=800%2C1132&amp;ssl=1 800w, https:\/\/i0.wp.com\/villavicenciodesign.com\/wp-content\/uploads\/2021\/03\/HAts-SIZE.png?w=2000 2000w\" sizes=\"auto, (max-width: 1000px) 100vw, 1000px\" \/><\/div>\n\t\t\t<\/figure>\n\t\t\t\n\t\t<\/div><\/div><\/div><\/div><\/section><section class=\"vc_row wpb_row vc_row-fluid\"><div class=\"wpb_column vc_column_container col-xs-mobile-fullwidth vc_col-sm-6\"><div class=\"vc_column-inner\"><div class=\"wpb_wrapper\"><div class=\"text-block-content hongo-text-block-3 last-paragraph-no-margin  hongo_responsive_1616290255991\"><div class=\"table-wrapper\">\n<table class=\"table-style-2\">\n<tbody>\n<tr>\n<th class=\"alt-font base-bg-color text-white base-border-color\">HVA ER MIN ST\u00d8RRELSE<\/th>\n<\/tr>\n<tr>\n<td class=\"alt-font text-dark-gray bg-white border-color-medium-gray\">SIZE<\/td>\n<td class=\"text-dark-gray bg-white border-color-medium-gray\">CM<\/td>\n<\/tr>\n<tr>\n<td class=\"alt-font text-dark-gray bg-very-light-gray border-color-medium-gray\">S<\/td>\n<td class=\"text-dark-gray bg-very-light-gray border-color-medium-gray\">56 CM<\/td>\n<\/tr>\n<tr>\n<td class=\"alt-font text-dark-gray bg-white border-color-medium-gray\">M<\/td>\n<td class=\"text-dark-gray bg-white border-color-medium-gray\">58 CM<\/td>\n<\/tr>\n<tr>\n<td class=\"alt-font text-dark-gray bg-very-light-gray border-color-medium-gray\">L<\/td>\n<td class=\"text-dark-gray bg-very-light-gray border-color-medium-gray\">60 CM<\/td>\n<\/tr>\n<tr>\n<td class=\"alt-font text-dark-gray bg-white border-color-medium-gray\">XL<\/td>\n<td class=\"text-dark-gray bg-white border-color-medium-gray\">62 CM<\/td>\n<\/tr>\n<tr>\n<td class=\"alt-font text-dark-gray bg-very-light-gray border-color-medium-gray\">XXL<\/td>\n<td class=\"text-dark-gray bg-very-light-gray border-color-medium-gray\">64 CM<\/td>\n<\/tr>\n<\/tbody>\n<\/table>\n<\/div>\n<\/div><\/div><\/div><\/div><div class=\"wpb_column vc_column_container col-xs-mobile-fullwidth vc_col-sm-6\"><div class=\"vc_column-inner\"><div class=\"wpb_wrapper\"><div class=\"text-block-content hongo-text-block-4 last-paragraph-no-margin\"><div class=\"table-wrapper\">\n<table class=\"table-style-2\">\n<tbody>\n<tr>\n<th class=\"alt-font base-bg-color text-white base-border-color\">MELLOMST\u00d8RRELSER<\/th>\n<\/tr>\n<tr>\n<td class=\"alt-font text-dark-gray bg-white border-color-medium-gray\">SIZE<\/td>\n<td class=\"text-dark-gray bg-white border-color-medium-gray\">CM<\/td>\n<\/tr>\n<tr>\n<td class=\"alt-font text-dark-gray bg-very-light-gray border-color-medium-gray\">INT &#8211; S<\/td>\n<td class=\"text-dark-gray bg-very-light-gray border-color-medium-gray\">55 CM<\/td>\n<\/tr>\n<tr>\n<td class=\"alt-font text-dark-gray bg-white border-color-medium-gray\">INT &#8211; M<\/td>\n<td class=\"text-dark-gray bg-white border-color-medium-gray\">59 CM<\/td>\n<\/tr>\n<tr>\n<td class=\"alt-font text-dark-gray bg-very-light-gray border-color-medium-gray\">INT &#8211; L<\/td>\n<td class=\"text-dark-gray bg-very-light-gray border-color-medium-gray\">61 CM<\/td>\n<\/tr>\n<tr>\n<td class=\"alt-font text-dark-gray bg-white border-color-medium-gray\">INT &#8211; XL<\/td>\n<td class=\"text-dark-gray bg-white border-color-medium-gray\">63 CM<\/td>\n<\/tr>\n<tr>\n<td class=\"alt-font text-dark-gray bg-very-light-gray border-color-medium-gray\">INT &#8211; XXL<\/td>\n<td class=\"text-dark-gray bg-very-light-gray border-color-medium-gray\">65 CM<\/td>\n<\/tr>\n<\/tbody>\n<\/table>\n<\/div>\n<\/div><\/div><\/div><\/div><\/section>","protected":false},"excerpt":{"rendered":"Hat's sizeHow to Measure your hat size? &nbsp; Take a Measure Tape and put it around your head. Use the string or tape around your head about 1\/8\" above your ear, across the mid-forehead, completely circling your head. Hold the tape firmly, but not too tightly. After measuring the size of your head, scroll down to the bottom of the page to see the size chart.\u00a0 REMARK: Our hats are 100% handwoven, and therefore we can custom fit hats to any size. For intermediary sizes, please consider 21 days extra for delivery due that they will be handwoven in Ecuador and shipped to our Main office in Norway for distribution. WHAT IS MY SIZE SIZE CM S 56 CM M 58 CM L 60 CM XL 62 CM XXL 64 CM INTERMEDIARY SIZES SIZE CM INT - S 55 CM INT - M 59 CM INT - L 61 CM INT - XL 63 CM INT - XXL 65 CM","protected":false},"author":1,"featured_media":0,"parent":0,"menu_order":0,"comment_status":"closed","ping_status":"closed","template":"","meta":{"footnotes":""},"class_list":["post-9331","page","type-page","status-publish","hentry"],"yoast_head":"<!-- This site is optimized with the Yoast SEO plugin v27.3 - https:\/\/yoast.com\/product\/yoast-seo-wordpress\/ -->\n<title>Size guide - Villavicencio Design<\/title>\n<meta name=\"robots\" content=\"index, follow, max-snippet:-1, max-image-preview:large, max-video-preview:-1\" \/>\n<link rel=\"canonical\" href=\"https:\/\/villavicenciodesign.com\/nb\/size-guide\/\" \/>\n<meta property=\"og:locale\" content=\"nb_NO\" \/>\n<meta property=\"og:type\" content=\"article\" \/>\n<meta property=\"og:title\" content=\"Size guide - Villavicencio Design\" \/>\n<meta property=\"og:url\" content=\"https:\/\/villavicenciodesign.com\/nb\/size-guide\/\" \/>\n<meta property=\"og:site_name\" content=\"Villavicencio Design\" \/>\n<meta property=\"article:modified_time\" content=\"2022-03-04T10:07:25+00:00\" \/>\n<meta name=\"twitter:card\" content=\"summary_large_image\" \/>\n<meta name=\"twitter:label1\" content=\"Ansl. lesetid\" \/>\n\t<meta name=\"twitter:data1\" content=\"1 minutt\" \/>\n<script type=\"application\/ld+json\" class=\"yoast-schema-graph\">{\"@context\":\"https:\\\/\\\/schema.org\",\"@graph\":[{\"@type\":\"WebPage\",\"@id\":\"https:\\\/\\\/villavicenciodesign.com\\\/size-guide\\\/\",\"url\":\"https:\\\/\\\/villavicenciodesign.com\\\/size-guide\\\/\",\"name\":\"Size guide - Villavicencio Design\",\"isPartOf\":{\"@id\":\"https:\\\/\\\/villavicenciodesign.com\\\/#website\"},\"datePublished\":\"2018-05-01T06:58:52+00:00\",\"dateModified\":\"2022-03-04T10:07:25+00:00\",\"breadcrumb\":{\"@id\":\"https:\\\/\\\/villavicenciodesign.com\\\/size-guide\\\/#breadcrumb\"},\"inLanguage\":\"nb-NO\",\"potentialAction\":[{\"@type\":\"ReadAction\",\"target\":[\"https:\\\/\\\/villavicenciodesign.com\\\/size-guide\\\/\"]}]},{\"@type\":\"BreadcrumbList\",\"@id\":\"https:\\\/\\\/villavicenciodesign.com\\\/size-guide\\\/#breadcrumb\",\"itemListElement\":[{\"@type\":\"ListItem\",\"position\":1,\"name\":\"Home\",\"item\":\"https:\\\/\\\/villavicenciodesign.com\\\/\"},{\"@type\":\"ListItem\",\"position\":2,\"name\":\"Size guide\"}]},{\"@type\":\"WebSite\",\"@id\":\"https:\\\/\\\/villavicenciodesign.com\\\/#website\",\"url\":\"https:\\\/\\\/villavicenciodesign.com\\\/\",\"name\":\"Villavicencio Design\",\"description\":\"Handwoven Panama Hats \",\"potentialAction\":[{\"@type\":\"SearchAction\",\"target\":{\"@type\":\"EntryPoint\",\"urlTemplate\":\"https:\\\/\\\/villavicenciodesign.com\\\/?s={search_term_string}\"},\"query-input\":{\"@type\":\"PropertyValueSpecification\",\"valueRequired\":true,\"valueName\":\"search_term_string\"}}],\"inLanguage\":\"nb-NO\"}]}<\/script>\n<!-- \/ Yoast SEO plugin. -->","yoast_head_json":{"title":"Size guide - Villavicencio Design","robots":{"index":"index","follow":"follow","max-snippet":"max-snippet:-1","max-image-preview":"max-image-preview:large","max-video-preview":"max-video-preview:-1"},"canonical":"https:\/\/villavicenciodesign.com\/nb\/size-guide\/","og_locale":"nb_NO","og_type":"article","og_title":"Size guide - Villavicencio Design","og_url":"https:\/\/villavicenciodesign.com\/nb\/size-guide\/","og_site_name":"Villavicencio Design","article_modified_time":"2022-03-04T10:07:25+00:00","twitter_card":"summary_large_image","twitter_misc":{"Ansl. lesetid":"1 minutt"},"schema":{"@context":"https:\/\/schema.org","@graph":[{"@type":"WebPage","@id":"https:\/\/villavicenciodesign.com\/size-guide\/","url":"https:\/\/villavicenciodesign.com\/size-guide\/","name":"Size guide - Villavicencio Design","isPartOf":{"@id":"https:\/\/villavicenciodesign.com\/#website"},"datePublished":"2018-05-01T06:58:52+00:00","dateModified":"2022-03-04T10:07:25+00:00","breadcrumb":{"@id":"https:\/\/villavicenciodesign.com\/size-guide\/#breadcrumb"},"inLanguage":"nb-NO","potentialAction":[{"@type":"ReadAction","target":["https:\/\/villavicenciodesign.com\/size-guide\/"]}]},{"@type":"BreadcrumbList","@id":"https:\/\/villavicenciodesign.com\/size-guide\/#breadcrumb","itemListElement":[{"@type":"ListItem","position":1,"name":"Home","item":"https:\/\/villavicenciodesign.com\/"},{"@type":"ListItem","position":2,"name":"Size guide"}]},{"@type":"WebSite","@id":"https:\/\/villavicenciodesign.com\/#website","url":"https:\/\/villavicenciodesign.com\/","name":"Villavicencio Design","description":"Handwoven Panama Hats","potentialAction":[{"@type":"SearchAction","target":{"@type":"EntryPoint","urlTemplate":"https:\/\/villavicenciodesign.com\/?s={search_term_string}"},"query-input":{"@type":"PropertyValueSpecification","valueRequired":true,"valueName":"search_term_string"}}],"inLanguage":"nb-NO"}]}},"jetpack_sharing_enabled":true,"_links":{"self":[{"href":"https:\/\/villavicenciodesign.com\/nb\/wp-json\/wp\/v2\/pages\/9331","targetHints":{"allow":["GET"]}}],"collection":[{"href":"https:\/\/villavicenciodesign.com\/nb\/wp-json\/wp\/v2\/pages"}],"about":[{"href":"https:\/\/villavicenciodesign.com\/nb\/wp-json\/wp\/v2\/types\/page"}],"author":[{"embeddable":true,"href":"https:\/\/villavicenciodesign.com\/nb\/wp-json\/wp\/v2\/users\/1"}],"replies":[{"embeddable":true,"href":"https:\/\/villavicenciodesign.com\/nb\/wp-json\/wp\/v2\/comments?post=9331"}],"version-history":[{"count":11,"href":"https:\/\/villavicenciodesign.com\/nb\/wp-json\/wp\/v2\/pages\/9331\/revisions"}],"predecessor-version":[{"id":100324,"href":"https:\/\/villavicenciodesign.com\/nb\/wp-json\/wp\/v2\/pages\/9331\/revisions\/100324"}],"wp:attachment":[{"href":"https:\/\/villavicenciodesign.com\/nb\/wp-json\/wp\/v2\/media?parent=9331"}],"curies":[{"name":"wp","href":"https:\/\/api.w.org\/{rel}","templated":true}]}}