{"id":9335,"date":"2018-05-01T08:06:16","date_gmt":"2018-05-01T08:06:16","guid":{"rendered":"https:\/\/hongo.themezaa.com\/?page_id=9335"},"modified":"2022-02-28T08:38:20","modified_gmt":"2022-02-28T08:38:20","slug":"payment-method","status":"publish","type":"page","link":"https:\/\/villavicenciodesign.com\/nb\/payment-method\/","title":{"rendered":"BETALING"},"content":{"rendered":"<section data-vc-full-width=\"true\" data-vc-full-width-init=\"false\" class=\"vc_row wpb_row vc_row-fluid     cover-background wow fadeIn hongo-stretch-content hongo-stretch-row-container vc_row-o-equal-height vc_row-o-content-middle vc_row-flex  hongo_responsive_1616379424471\"><div class=\"wpb_column vc_column_container vc_col-sm-12 vc_col-md-6 vc_col-xs-12 wow fadeInLeft text-center\"><div class=\"vc_column-inner  hongo_responsive_1564060521226\"><div class=\"wpb_wrapper\"><div class=\"wpb_single_image    hongo-full-width-single-image\">\n\t\t\t<figure class=\"wpb_wrapper vc_figure\">\n\t\t\t\t<div class=\"vc_single_image-wrapper\"><img loading=\"lazy\" decoding=\"async\" width=\"850\" height=\"850\" src=\"https:\/\/i0.wp.com\/villavicenciodesign.com\/wp-content\/uploads\/2021\/03\/Payment.png?fit=850%2C850&amp;ssl=1\" class=\"vc_single_image-img attachment-full\" alt=\"\" srcset=\"https:\/\/i0.wp.com\/villavicenciodesign.com\/wp-content\/uploads\/2021\/03\/Payment.png?w=850&amp;ssl=1 850w, https:\/\/i0.wp.com\/villavicenciodesign.com\/wp-content\/uploads\/2021\/03\/Payment.png?resize=300%2C300&amp;ssl=1 300w, https:\/\/i0.wp.com\/villavicenciodesign.com\/wp-content\/uploads\/2021\/03\/Payment.png?resize=150%2C150&amp;ssl=1 150w, https:\/\/i0.wp.com\/villavicenciodesign.com\/wp-content\/uploads\/2021\/03\/Payment.png?resize=768%2C768&amp;ssl=1 768w, https:\/\/i0.wp.com\/villavicenciodesign.com\/wp-content\/uploads\/2021\/03\/Payment.png?resize=64%2C64&amp;ssl=1 64w, https:\/\/i0.wp.com\/villavicenciodesign.com\/wp-content\/uploads\/2021\/03\/Payment.png?resize=84%2C84&amp;ssl=1 84w, https:\/\/i0.wp.com\/villavicenciodesign.com\/wp-content\/uploads\/2021\/03\/Payment.png?resize=200%2C200&amp;ssl=1 200w, https:\/\/i0.wp.com\/villavicenciodesign.com\/wp-content\/uploads\/2021\/03\/Payment.png?resize=450%2C450&amp;ssl=1 450w, https:\/\/i0.wp.com\/villavicenciodesign.com\/wp-content\/uploads\/2021\/03\/Payment.png?resize=790%2C790&amp;ssl=1 790w, https:\/\/i0.wp.com\/villavicenciodesign.com\/wp-content\/uploads\/2021\/03\/Payment.png?resize=360%2C360&amp;ssl=1 360w, https:\/\/i0.wp.com\/villavicenciodesign.com\/wp-content\/uploads\/2021\/03\/Payment.png?resize=800%2C800&amp;ssl=1 800w, https:\/\/i0.wp.com\/villavicenciodesign.com\/wp-content\/uploads\/2021\/03\/Payment.png?resize=100%2C100&amp;ssl=1 100w\" sizes=\"auto, (max-width: 850px) 100vw, 850px\" \/><\/div>\n\t\t\t<\/figure>\n\t\t\t\n\t\t<\/div><\/div><\/div><\/div><div class=\"wpb_column vc_column_container vc_col-sm-12 vc_col-md-6 vc_col-xs-12 wow fadeInRight\"><div class=\"vc_column-inner vc_custom_1564060531257  hongo_responsive_1564060531264\"><div class=\"wpb_wrapper\"><div class=\"alt-font heading-style-3 vc_custom_1622726713132  hongo_responsive_1622726713134 heading-1 hongo-section-heading hongo_font_1622726713132\">Betaling<\/div><div class=\"text-block-content hongo-text-block-1 vc_custom_1646037310432 last-paragraph-no-margin\"><p class=\"p1\">For \u00e5 betale for bestillingen din kan du gj\u00f8re det trygt og sikkert med debetkort, kredittkort eller Vipps.<span class=\"Apple-converted-space\">\u00a0<\/span><\/p>\n<p>Hvis kj\u00f8peren bruker et kreditt- eller debetkort for \u00e5 foreta betalingen, kan selgeren beholde pengene p\u00e5 kortet n\u00e5r bestillingen er plassert. Kortet belastes samme dag som varen sendes.<\/p>\n<p class=\"p1\">Vi lagrer ikke kortinformasjon p\u00e5 v\u00e5re servere.<span class=\"Apple-converted-space\">\u00a0<\/span><\/p>\n<p class=\"p1\">Klikk p\u00e5 \"Bekreft betaling\", og du vil automatisk bli omdirigert til betalingsalternativet du valgte for \u00e5 fortsette med betalingen.<span class=\"Apple-converted-space\">\u00a0<\/span><\/p>\n<\/div><\/div><\/div><\/div><\/section><div class=\"vc_row-full-width vc_clearfix\"><\/div>","protected":false},"excerpt":{"rendered":"Payment methodsIn order to pay for your order, you can do it safely and securely with a debit card or Vipps.\u00a0 If the Purchaser uses a credit or credit card to make the payment, the Seller may hold the funds on the card when the order is placed. The card will be charged on the same day the good is sent. We do not store card information on our servers.\u00a0 Click on \"Confirm payment,\" and you will be automatically redirected to the Vipps website to proceed with your payment.\u00a0","protected":false},"author":1,"featured_media":0,"parent":0,"menu_order":0,"comment_status":"closed","ping_status":"closed","template":"","meta":{"footnotes":""},"class_list":["post-9335","page","type-page","status-publish","hentry"],"yoast_head":"<!-- This site is optimized with the Yoast SEO plugin v27.3 - https:\/\/yoast.com\/product\/yoast-seo-wordpress\/ -->\n<title>Payment method - Villavicencio Design<\/title>\n<meta name=\"robots\" content=\"index, follow, max-snippet:-1, max-image-preview:large, max-video-preview:-1\" \/>\n<link rel=\"canonical\" href=\"https:\/\/villavicenciodesign.com\/nb\/payment-method\/\" \/>\n<meta property=\"og:locale\" content=\"nb_NO\" \/>\n<meta property=\"og:type\" content=\"article\" \/>\n<meta property=\"og:title\" content=\"Payment method - Villavicencio Design\" \/>\n<meta property=\"og:url\" content=\"https:\/\/villavicenciodesign.com\/nb\/payment-method\/\" \/>\n<meta property=\"og:site_name\" content=\"Villavicencio Design\" \/>\n<meta property=\"article:modified_time\" content=\"2022-02-28T08:38:20+00:00\" \/>\n<meta name=\"twitter:card\" content=\"summary_large_image\" \/>\n<meta name=\"twitter:label1\" content=\"Ansl. lesetid\" \/>\n\t<meta name=\"twitter:data1\" content=\"1 minutt\" \/>\n<script type=\"application\/ld+json\" class=\"yoast-schema-graph\">{\"@context\":\"https:\\\/\\\/schema.org\",\"@graph\":[{\"@type\":\"WebPage\",\"@id\":\"https:\\\/\\\/villavicenciodesign.com\\\/payment-method\\\/\",\"url\":\"https:\\\/\\\/villavicenciodesign.com\\\/payment-method\\\/\",\"name\":\"Payment method - Villavicencio Design\",\"isPartOf\":{\"@id\":\"https:\\\/\\\/villavicenciodesign.com\\\/#website\"},\"datePublished\":\"2018-05-01T08:06:16+00:00\",\"dateModified\":\"2022-02-28T08:38:20+00:00\",\"breadcrumb\":{\"@id\":\"https:\\\/\\\/villavicenciodesign.com\\\/payment-method\\\/#breadcrumb\"},\"inLanguage\":\"nb-NO\",\"potentialAction\":[{\"@type\":\"ReadAction\",\"target\":[\"https:\\\/\\\/villavicenciodesign.com\\\/payment-method\\\/\"]}]},{\"@type\":\"BreadcrumbList\",\"@id\":\"https:\\\/\\\/villavicenciodesign.com\\\/payment-method\\\/#breadcrumb\",\"itemListElement\":[{\"@type\":\"ListItem\",\"position\":1,\"name\":\"Home\",\"item\":\"https:\\\/\\\/villavicenciodesign.com\\\/\"},{\"@type\":\"ListItem\",\"position\":2,\"name\":\"Payment method\"}]},{\"@type\":\"WebSite\",\"@id\":\"https:\\\/\\\/villavicenciodesign.com\\\/#website\",\"url\":\"https:\\\/\\\/villavicenciodesign.com\\\/\",\"name\":\"Villavicencio Design\",\"description\":\"Handwoven Panama Hats \",\"potentialAction\":[{\"@type\":\"SearchAction\",\"target\":{\"@type\":\"EntryPoint\",\"urlTemplate\":\"https:\\\/\\\/villavicenciodesign.com\\\/?s={search_term_string}\"},\"query-input\":{\"@type\":\"PropertyValueSpecification\",\"valueRequired\":true,\"valueName\":\"search_term_string\"}}],\"inLanguage\":\"nb-NO\"}]}<\/script>\n<!-- \/ Yoast SEO plugin. -->","yoast_head_json":{"title":"Payment method - Villavicencio Design","robots":{"index":"index","follow":"follow","max-snippet":"max-snippet:-1","max-image-preview":"max-image-preview:large","max-video-preview":"max-video-preview:-1"},"canonical":"https:\/\/villavicenciodesign.com\/nb\/payment-method\/","og_locale":"nb_NO","og_type":"article","og_title":"Payment method - Villavicencio Design","og_url":"https:\/\/villavicenciodesign.com\/nb\/payment-method\/","og_site_name":"Villavicencio Design","article_modified_time":"2022-02-28T08:38:20+00:00","twitter_card":"summary_large_image","twitter_misc":{"Ansl. lesetid":"1 minutt"},"schema":{"@context":"https:\/\/schema.org","@graph":[{"@type":"WebPage","@id":"https:\/\/villavicenciodesign.com\/payment-method\/","url":"https:\/\/villavicenciodesign.com\/payment-method\/","name":"Payment method - Villavicencio Design","isPartOf":{"@id":"https:\/\/villavicenciodesign.com\/#website"},"datePublished":"2018-05-01T08:06:16+00:00","dateModified":"2022-02-28T08:38:20+00:00","breadcrumb":{"@id":"https:\/\/villavicenciodesign.com\/payment-method\/#breadcrumb"},"inLanguage":"nb-NO","potentialAction":[{"@type":"ReadAction","target":["https:\/\/villavicenciodesign.com\/payment-method\/"]}]},{"@type":"BreadcrumbList","@id":"https:\/\/villavicenciodesign.com\/payment-method\/#breadcrumb","itemListElement":[{"@type":"ListItem","position":1,"name":"Home","item":"https:\/\/villavicenciodesign.com\/"},{"@type":"ListItem","position":2,"name":"Payment method"}]},{"@type":"WebSite","@id":"https:\/\/villavicenciodesign.com\/#website","url":"https:\/\/villavicenciodesign.com\/","name":"Villavicencio Design","description":"Handwoven Panama Hats","potentialAction":[{"@type":"SearchAction","target":{"@type":"EntryPoint","urlTemplate":"https:\/\/villavicenciodesign.com\/?s={search_term_string}"},"query-input":{"@type":"PropertyValueSpecification","valueRequired":true,"valueName":"search_term_string"}}],"inLanguage":"nb-NO"}]}},"jetpack_sharing_enabled":true,"_links":{"self":[{"href":"https:\/\/villavicenciodesign.com\/nb\/wp-json\/wp\/v2\/pages\/9335","targetHints":{"allow":["GET"]}}],"collection":[{"href":"https:\/\/villavicenciodesign.com\/nb\/wp-json\/wp\/v2\/pages"}],"about":[{"href":"https:\/\/villavicenciodesign.com\/nb\/wp-json\/wp\/v2\/types\/page"}],"author":[{"embeddable":true,"href":"https:\/\/villavicenciodesign.com\/nb\/wp-json\/wp\/v2\/users\/1"}],"replies":[{"embeddable":true,"href":"https:\/\/villavicenciodesign.com\/nb\/wp-json\/wp\/v2\/comments?post=9335"}],"version-history":[{"count":7,"href":"https:\/\/villavicenciodesign.com\/nb\/wp-json\/wp\/v2\/pages\/9335\/revisions"}],"predecessor-version":[{"id":100319,"href":"https:\/\/villavicenciodesign.com\/nb\/wp-json\/wp\/v2\/pages\/9335\/revisions\/100319"}],"wp:attachment":[{"href":"https:\/\/villavicenciodesign.com\/nb\/wp-json\/wp\/v2\/media?parent=9335"}],"curies":[{"name":"wp","href":"https:\/\/api.w.org\/{rel}","templated":true}]}}