{"id":99470,"date":"2021-03-10T01:35:37","date_gmt":"2021-03-10T01:35:37","guid":{"rendered":"http:\/\/villavicenciodesign.com\/?page_id=99470"},"modified":"2022-08-15T13:01:34","modified_gmt":"2022-08-15T13:01:34","slug":"hats-care","status":"publish","type":"page","link":"https:\/\/villavicenciodesign.com\/nb\/hats-care\/","title":{"rendered":"Behandle hatten"},"content":{"rendered":"<section class=\"vc_row wpb_row vc_row-fluid     vc_row-o-full-height vc_row-o-columns-middle vc_row-o-content-middle vc_row-flex\"><div class=\"wpb_column vc_column_container col-xs-mobile-fullwidth vc_col-sm-4\"><div class=\"vc_column-inner\"><div class=\"wpb_wrapper\"><div class=\"wpb_single_image    hongo-full-width-single-image\">\n\t\t\t<figure class=\"wpb_wrapper vc_figure\">\n\t\t\t\t<div class=\"vc_single_image-wrapper\"><img loading=\"lazy\" decoding=\"async\" width=\"150\" height=\"150\" src=\"https:\/\/i0.wp.com\/villavicenciodesign.com\/wp-content\/uploads\/2021\/03\/IMG_4649-scaled.jpg?resize=150%2C150&amp;ssl=1\" class=\"vc_single_image-img attachment-thumbnail\" alt=\"\" srcset=\"https:\/\/i0.wp.com\/villavicenciodesign.com\/wp-content\/uploads\/2021\/03\/IMG_4649-scaled.jpg?resize=150%2C150&amp;ssl=1 150w, https:\/\/i0.wp.com\/villavicenciodesign.com\/wp-content\/uploads\/2021\/03\/IMG_4649-scaled.jpg?resize=64%2C64&amp;ssl=1 64w, https:\/\/i0.wp.com\/villavicenciodesign.com\/wp-content\/uploads\/2021\/03\/IMG_4649-scaled.jpg?resize=100%2C100&amp;ssl=1 100w, https:\/\/i0.wp.com\/villavicenciodesign.com\/wp-content\/uploads\/2021\/03\/IMG_4649-scaled.jpg?zoom=2&amp;resize=150%2C150 300w, https:\/\/i0.wp.com\/villavicenciodesign.com\/wp-content\/uploads\/2021\/03\/IMG_4649-scaled.jpg?zoom=3&amp;resize=150%2C150 450w\" sizes=\"auto, (max-width: 150px) 100vw, 150px\" \/><\/div>\n\t\t\t<\/figure>\n\t\t\t\n\t\t<\/div><\/div><\/div><\/div><div class=\"wpb_column vc_column_container col-xs-mobile-fullwidth vc_col-sm-4\"><div class=\"vc_column-inner  hongo_responsive_1616290627648\"><div class=\"wpb_wrapper\"><div class=\"alt-font heading-style-3 vc_custom_1616290601104 heading-1 hongo-section-heading\">Pleie og rengj\u00f8ringstips<\/div><ul class=\"list-style list-style-3 list-style3-1\"><li><i class=\"base-color fas fa-check\"><\/i><span>Panamahatter er ikke vanntette, hvis hatten blir v\u00e5t, t\u00f8rk f\u00f8rst av omr\u00e5det med en ren klut og t\u00f8rk den deretter naturlig.<\/span><\/li><li><i class=\"base-color fas fa-check\"><\/i><span>Unng\u00e5 \u00e5 utsette hatten for h\u00f8ye temperaturer uten ventilasjon. Panamahatter trenger litt fuktighet for \u00e5 holde str\u00e5ene under gode forhold.<\/span><\/li><li><i class=\"base-color fas fa-check\"><\/i><span>Hold aldri hatten fra toppen, den vil ha en tendens til \u00e5 deformeres. Hold den alltid fra vingene.<\/span><\/li><li><i class=\"base-color fas fa-check\"><\/i><span>For \u00e5 fjerne eventuelle flekker, bruk en naturlig svamp med vann og mild s\u00e5pe.<\/span><\/li><li><i class=\"base-color fas fa-check\"><\/i><span>Hatten kan strykes s\u00e5 lenge du beskytter den med en klut over vingeomr\u00e5det for \u00e5 holde den i sin opprinnelige form. <\/span><\/li><\/ul><\/div><\/div><\/div><\/section>","protected":false},"excerpt":{"rendered":"Care and cleaning tipsPanama hats are not waterproof, if the hat gets wet, first wipe the area with a clean cloth and then dry it naturally.Avoid exposing your hat to high temperatures without ventilation. Panama Hats needs a little bit of moisture to keep the straw in good conditions.Never hold the hat from the top, it will tend to deform. Always support it from the wingsTo remove any stain, use a natural sponge with a water and mild soapThe hat can be ironed as long as you protect it with a cloth over the wings area to keep it to its original shape","protected":false},"author":1,"featured_media":0,"parent":0,"menu_order":0,"comment_status":"closed","ping_status":"closed","template":"","meta":{"footnotes":""},"class_list":["post-99470","page","type-page","status-publish","hentry"],"yoast_head":"<!-- This site is optimized with the Yoast SEO plugin v27.3 - https:\/\/yoast.com\/product\/yoast-seo-wordpress\/ -->\n<title>Hat&#039;s care - Villavicencio Design<\/title>\n<meta name=\"robots\" content=\"index, follow, max-snippet:-1, max-image-preview:large, max-video-preview:-1\" \/>\n<link rel=\"canonical\" href=\"https:\/\/villavicenciodesign.com\/nb\/hats-care\/\" \/>\n<meta property=\"og:locale\" content=\"nb_NO\" \/>\n<meta property=\"og:type\" content=\"article\" \/>\n<meta property=\"og:title\" content=\"Hat&#039;s care - Villavicencio Design\" \/>\n<meta property=\"og:url\" content=\"https:\/\/villavicenciodesign.com\/nb\/hats-care\/\" \/>\n<meta property=\"og:site_name\" content=\"Villavicencio Design\" \/>\n<meta property=\"article:modified_time\" content=\"2022-08-15T13:01:34+00:00\" \/>\n<meta name=\"twitter:card\" content=\"summary_large_image\" \/>\n<meta name=\"twitter:label1\" content=\"Ansl. lesetid\" \/>\n\t<meta name=\"twitter:data1\" content=\"1 minutt\" \/>\n<script type=\"application\/ld+json\" class=\"yoast-schema-graph\">{\"@context\":\"https:\\\/\\\/schema.org\",\"@graph\":[{\"@type\":\"WebPage\",\"@id\":\"https:\\\/\\\/villavicenciodesign.com\\\/hats-care\\\/\",\"url\":\"https:\\\/\\\/villavicenciodesign.com\\\/hats-care\\\/\",\"name\":\"Hat's care - Villavicencio Design\",\"isPartOf\":{\"@id\":\"https:\\\/\\\/villavicenciodesign.com\\\/#website\"},\"datePublished\":\"2021-03-10T01:35:37+00:00\",\"dateModified\":\"2022-08-15T13:01:34+00:00\",\"breadcrumb\":{\"@id\":\"https:\\\/\\\/villavicenciodesign.com\\\/hats-care\\\/#breadcrumb\"},\"inLanguage\":\"nb-NO\",\"potentialAction\":[{\"@type\":\"ReadAction\",\"target\":[\"https:\\\/\\\/villavicenciodesign.com\\\/hats-care\\\/\"]}]},{\"@type\":\"BreadcrumbList\",\"@id\":\"https:\\\/\\\/villavicenciodesign.com\\\/hats-care\\\/#breadcrumb\",\"itemListElement\":[{\"@type\":\"ListItem\",\"position\":1,\"name\":\"Home\",\"item\":\"https:\\\/\\\/villavicenciodesign.com\\\/\"},{\"@type\":\"ListItem\",\"position\":2,\"name\":\"Hat&#8217;s care\"}]},{\"@type\":\"WebSite\",\"@id\":\"https:\\\/\\\/villavicenciodesign.com\\\/#website\",\"url\":\"https:\\\/\\\/villavicenciodesign.com\\\/\",\"name\":\"Villavicencio Design\",\"description\":\"Handwoven Panama Hats \",\"potentialAction\":[{\"@type\":\"SearchAction\",\"target\":{\"@type\":\"EntryPoint\",\"urlTemplate\":\"https:\\\/\\\/villavicenciodesign.com\\\/?s={search_term_string}\"},\"query-input\":{\"@type\":\"PropertyValueSpecification\",\"valueRequired\":true,\"valueName\":\"search_term_string\"}}],\"inLanguage\":\"nb-NO\"}]}<\/script>\n<!-- \/ Yoast SEO plugin. -->","yoast_head_json":{"title":"Hat's care - Villavicencio Design","robots":{"index":"index","follow":"follow","max-snippet":"max-snippet:-1","max-image-preview":"max-image-preview:large","max-video-preview":"max-video-preview:-1"},"canonical":"https:\/\/villavicenciodesign.com\/nb\/hats-care\/","og_locale":"nb_NO","og_type":"article","og_title":"Hat's care - Villavicencio Design","og_url":"https:\/\/villavicenciodesign.com\/nb\/hats-care\/","og_site_name":"Villavicencio Design","article_modified_time":"2022-08-15T13:01:34+00:00","twitter_card":"summary_large_image","twitter_misc":{"Ansl. lesetid":"1 minutt"},"schema":{"@context":"https:\/\/schema.org","@graph":[{"@type":"WebPage","@id":"https:\/\/villavicenciodesign.com\/hats-care\/","url":"https:\/\/villavicenciodesign.com\/hats-care\/","name":"Hat's care - Villavicencio Design","isPartOf":{"@id":"https:\/\/villavicenciodesign.com\/#website"},"datePublished":"2021-03-10T01:35:37+00:00","dateModified":"2022-08-15T13:01:34+00:00","breadcrumb":{"@id":"https:\/\/villavicenciodesign.com\/hats-care\/#breadcrumb"},"inLanguage":"nb-NO","potentialAction":[{"@type":"ReadAction","target":["https:\/\/villavicenciodesign.com\/hats-care\/"]}]},{"@type":"BreadcrumbList","@id":"https:\/\/villavicenciodesign.com\/hats-care\/#breadcrumb","itemListElement":[{"@type":"ListItem","position":1,"name":"Home","item":"https:\/\/villavicenciodesign.com\/"},{"@type":"ListItem","position":2,"name":"Hat&#8217;s care"}]},{"@type":"WebSite","@id":"https:\/\/villavicenciodesign.com\/#website","url":"https:\/\/villavicenciodesign.com\/","name":"Villavicencio Design","description":"Handwoven Panama Hats","potentialAction":[{"@type":"SearchAction","target":{"@type":"EntryPoint","urlTemplate":"https:\/\/villavicenciodesign.com\/?s={search_term_string}"},"query-input":{"@type":"PropertyValueSpecification","valueRequired":true,"valueName":"search_term_string"}}],"inLanguage":"nb-NO"}]}},"jetpack_sharing_enabled":true,"_links":{"self":[{"href":"https:\/\/villavicenciodesign.com\/nb\/wp-json\/wp\/v2\/pages\/99470","targetHints":{"allow":["GET"]}}],"collection":[{"href":"https:\/\/villavicenciodesign.com\/nb\/wp-json\/wp\/v2\/pages"}],"about":[{"href":"https:\/\/villavicenciodesign.com\/nb\/wp-json\/wp\/v2\/types\/page"}],"author":[{"embeddable":true,"href":"https:\/\/villavicenciodesign.com\/nb\/wp-json\/wp\/v2\/users\/1"}],"replies":[{"embeddable":true,"href":"https:\/\/villavicenciodesign.com\/nb\/wp-json\/wp\/v2\/comments?post=99470"}],"version-history":[{"count":17,"href":"https:\/\/villavicenciodesign.com\/nb\/wp-json\/wp\/v2\/pages\/99470\/revisions"}],"predecessor-version":[{"id":100468,"href":"https:\/\/villavicenciodesign.com\/nb\/wp-json\/wp\/v2\/pages\/99470\/revisions\/100468"}],"wp:attachment":[{"href":"https:\/\/villavicenciodesign.com\/nb\/wp-json\/wp\/v2\/media?parent=99470"}],"curies":[{"name":"wp","href":"https:\/\/api.w.org\/{rel}","templated":true}]}}