{"id":100454,"date":"2022-07-06T19:54:22","date_gmt":"2022-07-06T19:54:22","guid":{"rendered":"https:\/\/villavicenciodesign.com\/?post_type=product&#038;p=100454"},"modified":"2022-07-06T19:58:44","modified_gmt":"2022-07-06T19:58:44","slug":"teo-classic-purple-panama-hat","status":"publish","type":"product","link":"https:\/\/villavicenciodesign.com\/nb\/produkt\/teo-classic-purple-panama-hat\/","title":{"rendered":"Teo Classic Purple Panama Hat"},"content":{"rendered":"<section class=\"vc_row wpb_row vc_row-fluid  vc_custom_1550641386235   vc_row-has-fill\"><div class=\"wpb_column vc_column_container col-xs-mobile-fullwidth vc_col-sm-12 vc_col-md-6 wow fadeIn\" data-wow-delay= \"200ms\" data-wow-duration= \"1500ms\"><div class=\"vc_column-inner  hongo_responsive_1566294673742\"><div class=\"wpb_wrapper\"><div class=\"text-block-content hongo-text-block-1 vc_custom_1654341283326 last-paragraph-no-margin\"><p class=\"p1\">Villavicencio-hatter er 100 % h\u00e5ndvevd av ecuadorianske h\u00e5ndverkere. Det tar fra 1 til 3 uker \u00e5 h\u00e5ndlaget en komplett hatt.<\/p>\n<p class=\"p1\">V\u00e5r filosofi er basert p\u00e5 rettferdig handel, og holder b\u00e6rekraft mellom h\u00e5ndverkere og kunder.<\/p>\n<p class=\"p1\">Teo Classic &#8211; Panama hat is woven from natural toquilla straw in light blue colour and has a grosgrain ribbon.<\/p>\n<\/div><\/div><\/div><\/div><div class=\"wpb_column vc_column_container col-xs-mobile-fullwidth vc_col-sm-12 vc_col-md-6 wow fadeIn\" data-wow-delay= \"400ms\" data-wow-duration= \"1500ms\"><div class=\"vc_column-inner\"><div class=\"wpb_wrapper\"><div class=\"wpb_single_image    hongo-full-width-single-image\">\n\t\t\t<figure class=\"wpb_wrapper vc_figure\">\n\t\t\t\t<div class=\"vc_single_image-wrapper\"><img loading=\"lazy\" decoding=\"async\" width=\"150\" height=\"150\" src=\"https:\/\/i0.wp.com\/villavicenciodesign.com\/wp-content\/uploads\/2022\/06\/E0C12E20-C147-4D1C-A2F9-1A8589D9E46B-scaled.jpeg?resize=150%2C150&amp;ssl=1\" class=\"vc_single_image-img attachment-thumbnail\" alt=\"Teo Classic Panama Hat\" srcset=\"https:\/\/i0.wp.com\/villavicenciodesign.com\/wp-content\/uploads\/2022\/06\/E0C12E20-C147-4D1C-A2F9-1A8589D9E46B-scaled.jpeg?resize=150%2C150&amp;ssl=1 150w, https:\/\/i0.wp.com\/villavicenciodesign.com\/wp-content\/uploads\/2022\/06\/E0C12E20-C147-4D1C-A2F9-1A8589D9E46B-scaled.jpeg?resize=64%2C64&amp;ssl=1 64w, https:\/\/i0.wp.com\/villavicenciodesign.com\/wp-content\/uploads\/2022\/06\/E0C12E20-C147-4D1C-A2F9-1A8589D9E46B-scaled.jpeg?resize=100%2C100&amp;ssl=1 100w, https:\/\/i0.wp.com\/villavicenciodesign.com\/wp-content\/uploads\/2022\/06\/E0C12E20-C147-4D1C-A2F9-1A8589D9E46B-scaled.jpeg?zoom=2&amp;resize=150%2C150 300w, https:\/\/i0.wp.com\/villavicenciodesign.com\/wp-content\/uploads\/2022\/06\/E0C12E20-C147-4D1C-A2F9-1A8589D9E46B-scaled.jpeg?zoom=3&amp;resize=150%2C150 450w\" sizes=\"auto, (max-width: 150px) 100vw, 150px\" \/><\/div>\n\t\t\t<\/figure>\n\t\t\t\n\t\t<\/div><\/div><\/div><\/div><\/section>","protected":false},"excerpt":{"rendered":"<p class=\"p1\">Villavicencio hats are 100% handwoven by Ecuadorian artisans.<\/p>","protected":false},"featured_media":100461,"template":"","meta":[],"product_cat":[44,45,15],"product_tag":[],"class_list":{"0":"post-100454","1":"product","2":"type-product","3":"status-publish","4":"has-post-thumbnail","6":"product_cat-for-man","7":"product_cat-for-woman","8":"product_cat-unisex","10":"first","11":"instock","12":"shipping-taxable","13":"purchasable","14":"product-type-variable"},"yoast_head":"<!-- This site is optimized with the Yoast SEO plugin v27.3 - https:\/\/yoast.com\/product\/yoast-seo-wordpress\/ -->\n<title>Teo Classic Purple Panama Hat - Villavicencio Design<\/title>\n<meta name=\"robots\" content=\"index, follow, max-snippet:-1, max-image-preview:large, max-video-preview:-1\" \/>\n<link rel=\"canonical\" href=\"https:\/\/villavicenciodesign.com\/nb\/produkt\/teo-classic-purple-panama-hat\/\" \/>\n<meta property=\"og:locale\" content=\"nb_NO\" \/>\n<meta property=\"og:type\" content=\"article\" \/>\n<meta property=\"og:title\" content=\"Teo Classic Purple Panama Hat - Villavicencio Design\" \/>\n<meta property=\"og:description\" content=\"Villavicencio hats are 100% handwoven by Ecuadorian artisans.\" \/>\n<meta property=\"og:url\" content=\"https:\/\/villavicenciodesign.com\/nb\/produkt\/teo-classic-purple-panama-hat\/\" \/>\n<meta property=\"og:site_name\" content=\"Villavicencio Design\" \/>\n<meta property=\"article:modified_time\" content=\"2022-07-06T19:58:44+00:00\" \/>\n<meta property=\"og:image\" content=\"http:\/\/villavicenciodesign.com\/wp-content\/uploads\/2022\/07\/9AEC8B36-3810-48F6-A948-F511232C3A01-scaled.jpeg\" \/>\n\t<meta property=\"og:image:width\" content=\"2560\" \/>\n\t<meta property=\"og:image:height\" content=\"1707\" \/>\n\t<meta property=\"og:image:type\" content=\"image\/jpeg\" \/>\n<meta name=\"twitter:card\" content=\"summary_large_image\" \/>\n<meta name=\"twitter:label1\" content=\"Ansl. lesetid\" \/>\n\t<meta name=\"twitter:data1\" content=\"1 minutt\" \/>\n<script type=\"application\/ld+json\" class=\"yoast-schema-graph\">{\"@context\":\"https:\\\/\\\/schema.org\",\"@graph\":[{\"@type\":\"WebPage\",\"@id\":\"https:\\\/\\\/villavicenciodesign.com\\\/product\\\/teo-classic-purple-panama-hat\\\/\",\"url\":\"https:\\\/\\\/villavicenciodesign.com\\\/product\\\/teo-classic-purple-panama-hat\\\/\",\"name\":\"Teo Classic Purple Panama Hat - Villavicencio Design\",\"isPartOf\":{\"@id\":\"https:\\\/\\\/villavicenciodesign.com\\\/#website\"},\"primaryImageOfPage\":{\"@id\":\"https:\\\/\\\/villavicenciodesign.com\\\/product\\\/teo-classic-purple-panama-hat\\\/#primaryimage\"},\"image\":{\"@id\":\"https:\\\/\\\/villavicenciodesign.com\\\/product\\\/teo-classic-purple-panama-hat\\\/#primaryimage\"},\"thumbnailUrl\":\"https:\\\/\\\/i0.wp.com\\\/villavicenciodesign.com\\\/wp-content\\\/uploads\\\/2022\\\/07\\\/9AEC8B36-3810-48F6-A948-F511232C3A01-scaled.jpeg?fit=2560%2C1707&ssl=1\",\"datePublished\":\"2022-07-06T19:54:22+00:00\",\"dateModified\":\"2022-07-06T19:58:44+00:00\",\"breadcrumb\":{\"@id\":\"https:\\\/\\\/villavicenciodesign.com\\\/product\\\/teo-classic-purple-panama-hat\\\/#breadcrumb\"},\"inLanguage\":\"nb-NO\",\"potentialAction\":[{\"@type\":\"ReadAction\",\"target\":[\"https:\\\/\\\/villavicenciodesign.com\\\/product\\\/teo-classic-purple-panama-hat\\\/\"]}]},{\"@type\":\"ImageObject\",\"inLanguage\":\"nb-NO\",\"@id\":\"https:\\\/\\\/villavicenciodesign.com\\\/product\\\/teo-classic-purple-panama-hat\\\/#primaryimage\",\"url\":\"https:\\\/\\\/i0.wp.com\\\/villavicenciodesign.com\\\/wp-content\\\/uploads\\\/2022\\\/07\\\/9AEC8B36-3810-48F6-A948-F511232C3A01-scaled.jpeg?fit=2560%2C1707&ssl=1\",\"contentUrl\":\"https:\\\/\\\/i0.wp.com\\\/villavicenciodesign.com\\\/wp-content\\\/uploads\\\/2022\\\/07\\\/9AEC8B36-3810-48F6-A948-F511232C3A01-scaled.jpeg?fit=2560%2C1707&ssl=1\",\"width\":2560,\"height\":1707},{\"@type\":\"BreadcrumbList\",\"@id\":\"https:\\\/\\\/villavicenciodesign.com\\\/product\\\/teo-classic-purple-panama-hat\\\/#breadcrumb\",\"itemListElement\":[{\"@type\":\"ListItem\",\"position\":1,\"name\":\"Home\",\"item\":\"https:\\\/\\\/villavicenciodesign.com\\\/\"},{\"@type\":\"ListItem\",\"position\":2,\"name\":\"Shop\",\"item\":\"https:\\\/\\\/villavicenciodesign.com\\\/shop\\\/\"},{\"@type\":\"ListItem\",\"position\":3,\"name\":\"Teo Classic Purple Panama Hat\"}]},{\"@type\":\"WebSite\",\"@id\":\"https:\\\/\\\/villavicenciodesign.com\\\/#website\",\"url\":\"https:\\\/\\\/villavicenciodesign.com\\\/\",\"name\":\"Villavicencio Design\",\"description\":\"Handwoven Panama Hats \",\"potentialAction\":[{\"@type\":\"SearchAction\",\"target\":{\"@type\":\"EntryPoint\",\"urlTemplate\":\"https:\\\/\\\/villavicenciodesign.com\\\/?s={search_term_string}\"},\"query-input\":{\"@type\":\"PropertyValueSpecification\",\"valueRequired\":true,\"valueName\":\"search_term_string\"}}],\"inLanguage\":\"nb-NO\"}]}<\/script>\n<!-- \/ Yoast SEO plugin. -->","yoast_head_json":{"title":"Teo Classic Purple Panama Hat - Villavicencio Design","robots":{"index":"index","follow":"follow","max-snippet":"max-snippet:-1","max-image-preview":"max-image-preview:large","max-video-preview":"max-video-preview:-1"},"canonical":"https:\/\/villavicenciodesign.com\/nb\/produkt\/teo-classic-purple-panama-hat\/","og_locale":"nb_NO","og_type":"article","og_title":"Teo Classic Purple Panama Hat - Villavicencio Design","og_description":"Villavicencio hats are 100% handwoven by Ecuadorian artisans.","og_url":"https:\/\/villavicenciodesign.com\/nb\/produkt\/teo-classic-purple-panama-hat\/","og_site_name":"Villavicencio Design","article_modified_time":"2022-07-06T19:58:44+00:00","og_image":[{"width":2560,"height":1707,"url":"http:\/\/villavicenciodesign.com\/wp-content\/uploads\/2022\/07\/9AEC8B36-3810-48F6-A948-F511232C3A01-scaled.jpeg","type":"image\/jpeg"}],"twitter_card":"summary_large_image","twitter_misc":{"Ansl. lesetid":"1 minutt"},"schema":{"@context":"https:\/\/schema.org","@graph":[{"@type":"WebPage","@id":"https:\/\/villavicenciodesign.com\/product\/teo-classic-purple-panama-hat\/","url":"https:\/\/villavicenciodesign.com\/product\/teo-classic-purple-panama-hat\/","name":"Teo Classic Purple Panama Hat - Villavicencio Design","isPartOf":{"@id":"https:\/\/villavicenciodesign.com\/#website"},"primaryImageOfPage":{"@id":"https:\/\/villavicenciodesign.com\/product\/teo-classic-purple-panama-hat\/#primaryimage"},"image":{"@id":"https:\/\/villavicenciodesign.com\/product\/teo-classic-purple-panama-hat\/#primaryimage"},"thumbnailUrl":"https:\/\/i0.wp.com\/villavicenciodesign.com\/wp-content\/uploads\/2022\/07\/9AEC8B36-3810-48F6-A948-F511232C3A01-scaled.jpeg?fit=2560%2C1707&ssl=1","datePublished":"2022-07-06T19:54:22+00:00","dateModified":"2022-07-06T19:58:44+00:00","breadcrumb":{"@id":"https:\/\/villavicenciodesign.com\/product\/teo-classic-purple-panama-hat\/#breadcrumb"},"inLanguage":"nb-NO","potentialAction":[{"@type":"ReadAction","target":["https:\/\/villavicenciodesign.com\/product\/teo-classic-purple-panama-hat\/"]}]},{"@type":"ImageObject","inLanguage":"nb-NO","@id":"https:\/\/villavicenciodesign.com\/product\/teo-classic-purple-panama-hat\/#primaryimage","url":"https:\/\/i0.wp.com\/villavicenciodesign.com\/wp-content\/uploads\/2022\/07\/9AEC8B36-3810-48F6-A948-F511232C3A01-scaled.jpeg?fit=2560%2C1707&ssl=1","contentUrl":"https:\/\/i0.wp.com\/villavicenciodesign.com\/wp-content\/uploads\/2022\/07\/9AEC8B36-3810-48F6-A948-F511232C3A01-scaled.jpeg?fit=2560%2C1707&ssl=1","width":2560,"height":1707},{"@type":"BreadcrumbList","@id":"https:\/\/villavicenciodesign.com\/product\/teo-classic-purple-panama-hat\/#breadcrumb","itemListElement":[{"@type":"ListItem","position":1,"name":"Home","item":"https:\/\/villavicenciodesign.com\/"},{"@type":"ListItem","position":2,"name":"Shop","item":"https:\/\/villavicenciodesign.com\/shop\/"},{"@type":"ListItem","position":3,"name":"Teo Classic Purple Panama Hat"}]},{"@type":"WebSite","@id":"https:\/\/villavicenciodesign.com\/#website","url":"https:\/\/villavicenciodesign.com\/","name":"Villavicencio Design","description":"Handwoven Panama Hats","potentialAction":[{"@type":"SearchAction","target":{"@type":"EntryPoint","urlTemplate":"https:\/\/villavicenciodesign.com\/?s={search_term_string}"},"query-input":{"@type":"PropertyValueSpecification","valueRequired":true,"valueName":"search_term_string"}}],"inLanguage":"nb-NO"}]}},"jetpack_sharing_enabled":true,"_links":{"self":[{"href":"https:\/\/villavicenciodesign.com\/nb\/wp-json\/wp\/v2\/product\/100454","targetHints":{"allow":["GET"]}}],"collection":[{"href":"https:\/\/villavicenciodesign.com\/nb\/wp-json\/wp\/v2\/product"}],"about":[{"href":"https:\/\/villavicenciodesign.com\/nb\/wp-json\/wp\/v2\/types\/product"}],"wp:featuredmedia":[{"embeddable":true,"href":"https:\/\/villavicenciodesign.com\/nb\/wp-json\/wp\/v2\/media\/100461"}],"wp:attachment":[{"href":"https:\/\/villavicenciodesign.com\/nb\/wp-json\/wp\/v2\/media?parent=100454"}],"wp:term":[{"taxonomy":"product_cat","embeddable":true,"href":"https:\/\/villavicenciodesign.com\/nb\/wp-json\/wp\/v2\/product_cat?post=100454"},{"taxonomy":"product_tag","embeddable":true,"href":"https:\/\/villavicenciodesign.com\/nb\/wp-json\/wp\/v2\/product_tag?post=100454"}],"curies":[{"name":"wp","href":"https:\/\/api.w.org\/{rel}","templated":true}]}}