{"id":25338,"date":"2019-04-02T11:57:55","date_gmt":"2019-04-02T11:57:55","guid":{"rendered":"https:\/\/hongo.themezaa.com\/product\/import-placeholder-for-4017\/"},"modified":"2022-07-06T19:34:39","modified_gmt":"2022-07-06T19:34:39","slug":"panama-hatter-teo-classic","status":"publish","type":"product","link":"https:\/\/villavicenciodesign.com\/nb\/produkt\/panama-hatter-teo-classic\/","title":{"rendered":"Teo Classic"},"content":{"rendered":"<section class=\"vc_row wpb_row vc_row-fluid  vc_custom_1550641386235   vc_row-has-fill\"><div class=\"wpb_column vc_column_container col-xs-mobile-fullwidth vc_col-sm-12 vc_col-md-6 wow fadeIn\" data-wow-delay= \"200ms\" data-wow-duration= \"1500ms\"><div class=\"vc_column-inner  hongo_responsive_1566294673742\"><div class=\"wpb_wrapper\"><div class=\"text-block-content hongo-text-block-1 vc_custom_1646038016316 last-paragraph-no-margin\"><p class=\"p1\">Villavicencio-hatter er 100 % h\u00e5ndvevd av ecuadorianske h\u00e5ndverkere. Det tar fra 1 til 3 uker \u00e5 h\u00e5ndlaget en komplett hatt.<\/p>\n<p class=\"p1\">V\u00e5r filosofi er basert p\u00e5 rettferdig handel, og holder b\u00e6rekraft mellom h\u00e5ndverkere og kunder.<\/p>\n<p class=\"p1\">Teo Classic \u2013 Panamahatt er vevd av et naturlig lyst toquillastr\u00e5 og har et grosgrain-b\u00e5nd.<\/p>\n<\/div><\/div><\/div><\/div><div class=\"wpb_column vc_column_container col-xs-mobile-fullwidth vc_col-sm-12 vc_col-md-6 wow fadeIn\" data-wow-delay= \"400ms\" data-wow-duration= \"1500ms\"><div class=\"vc_column-inner\"><div class=\"wpb_wrapper\"><div class=\"wpb_single_image   vc_custom_1616286890120 hongo-full-width-single-image\">\n\t\t\t<figure class=\"wpb_wrapper vc_figure\">\n\t\t\t\t<div class=\"vc_single_image-wrapper\"><img loading=\"lazy\" decoding=\"async\" width=\"2560\" height=\"1708\" src=\"https:\/\/i0.wp.com\/villavicenciodesign.com\/wp-content\/uploads\/2019\/04\/DSC_0569-scaled.jpg?fit=2560%2C1708&amp;ssl=1\" class=\"vc_single_image-img attachment-full\" alt=\"\" srcset=\"https:\/\/i0.wp.com\/villavicenciodesign.com\/wp-content\/uploads\/2019\/04\/DSC_0569-scaled.jpg?w=2560&amp;ssl=1 2560w, https:\/\/i0.wp.com\/villavicenciodesign.com\/wp-content\/uploads\/2019\/04\/DSC_0569-scaled.jpg?resize=300%2C200&amp;ssl=1 300w, https:\/\/i0.wp.com\/villavicenciodesign.com\/wp-content\/uploads\/2019\/04\/DSC_0569-scaled.jpg?resize=1024%2C683&amp;ssl=1 1024w, https:\/\/i0.wp.com\/villavicenciodesign.com\/wp-content\/uploads\/2019\/04\/DSC_0569-scaled.jpg?resize=768%2C512&amp;ssl=1 768w, https:\/\/i0.wp.com\/villavicenciodesign.com\/wp-content\/uploads\/2019\/04\/DSC_0569-scaled.jpg?resize=1536%2C1025&amp;ssl=1 1536w, https:\/\/i0.wp.com\/villavicenciodesign.com\/wp-content\/uploads\/2019\/04\/DSC_0569-scaled.jpg?resize=2048%2C1366&amp;ssl=1 2048w, https:\/\/i0.wp.com\/villavicenciodesign.com\/wp-content\/uploads\/2019\/04\/DSC_0569-scaled.jpg?resize=84%2C56&amp;ssl=1 84w, https:\/\/i0.wp.com\/villavicenciodesign.com\/wp-content\/uploads\/2019\/04\/DSC_0569-scaled.jpg?resize=200%2C133&amp;ssl=1 200w, https:\/\/i0.wp.com\/villavicenciodesign.com\/wp-content\/uploads\/2019\/04\/DSC_0569-scaled.jpg?resize=450%2C300&amp;ssl=1 450w, https:\/\/i0.wp.com\/villavicenciodesign.com\/wp-content\/uploads\/2019\/04\/DSC_0569-scaled.jpg?resize=1184%2C790&amp;ssl=1 1184w, https:\/\/i0.wp.com\/villavicenciodesign.com\/wp-content\/uploads\/2019\/04\/DSC_0569-scaled.jpg?resize=360%2C240&amp;ssl=1 360w, https:\/\/i0.wp.com\/villavicenciodesign.com\/wp-content\/uploads\/2019\/04\/DSC_0569-scaled.jpg?resize=800%2C534&amp;ssl=1 800w\" sizes=\"auto, (max-width: 1000px) 100vw, 1000px\" \/><\/div>\n\t\t\t<\/figure>\n\t\t\t\n\t\t<\/div><\/div><\/div><\/div><\/section>","protected":false},"excerpt":{"rendered":"<p class=\"p1\">Villavicencio hats are 100% handwoven by Ecuadorian artisans.<\/p>","protected":false},"featured_media":99257,"template":"","meta":[],"product_cat":[44,15],"product_tag":[],"class_list":{"0":"post-25338","1":"product","2":"type-product","3":"status-publish","4":"has-post-thumbnail","6":"product_cat-for-man","7":"product_cat-unisex","9":"first","10":"instock","11":"shipping-taxable","12":"purchasable","13":"product-type-variable"},"yoast_head":"<!-- This site is optimized with the Yoast SEO plugin v27.3 - https:\/\/yoast.com\/product\/yoast-seo-wordpress\/ -->\n<title>Teo Classic - Villavicencio Design<\/title>\n<meta name=\"description\" content=\"Panama Hatter teo classic, unisex model, natural straw 100% handwoven in Ecuador . Original Premium Panama Hat\" \/>\n<meta name=\"robots\" content=\"index, follow, max-snippet:-1, max-image-preview:large, max-video-preview:-1\" \/>\n<link rel=\"canonical\" href=\"https:\/\/villavicenciodesign.com\/nb\/produkt\/panama-hatter-teo-classic\/\" \/>\n<meta property=\"og:locale\" content=\"nb_NO\" \/>\n<meta property=\"og:type\" content=\"article\" \/>\n<meta property=\"og:title\" content=\"Teo Classic - Villavicencio Design\" \/>\n<meta property=\"og:description\" content=\"Panama Hatter teo classic, unisex model, natural straw 100% handwoven in Ecuador . Original Premium Panama Hat\" \/>\n<meta property=\"og:url\" content=\"https:\/\/villavicenciodesign.com\/nb\/produkt\/panama-hatter-teo-classic\/\" \/>\n<meta property=\"og:site_name\" content=\"Villavicencio Design\" \/>\n<meta property=\"article:modified_time\" content=\"2022-07-06T19:34:39+00:00\" \/>\n<meta property=\"og:image\" content=\"http:\/\/villavicenciodesign.com\/wp-content\/uploads\/2021\/02\/IMG_4554-scaled.jpg\" \/>\n\t<meta property=\"og:image:width\" content=\"2560\" \/>\n\t<meta property=\"og:image:height\" content=\"1706\" \/>\n\t<meta property=\"og:image:type\" content=\"image\/jpeg\" \/>\n<meta name=\"twitter:card\" content=\"summary_large_image\" \/>\n<meta name=\"twitter:label1\" content=\"Ansl. lesetid\" \/>\n\t<meta name=\"twitter:data1\" content=\"1 minutt\" \/>\n<script type=\"application\/ld+json\" class=\"yoast-schema-graph\">{\"@context\":\"https:\\\/\\\/schema.org\",\"@graph\":[{\"@type\":\"WebPage\",\"@id\":\"https:\\\/\\\/villavicenciodesign.com\\\/product\\\/panama-hatter-teo-classic\\\/\",\"url\":\"https:\\\/\\\/villavicenciodesign.com\\\/product\\\/panama-hatter-teo-classic\\\/\",\"name\":\"Teo Classic - Villavicencio Design\",\"isPartOf\":{\"@id\":\"https:\\\/\\\/villavicenciodesign.com\\\/#website\"},\"primaryImageOfPage\":{\"@id\":\"https:\\\/\\\/villavicenciodesign.com\\\/product\\\/panama-hatter-teo-classic\\\/#primaryimage\"},\"image\":{\"@id\":\"https:\\\/\\\/villavicenciodesign.com\\\/product\\\/panama-hatter-teo-classic\\\/#primaryimage\"},\"thumbnailUrl\":\"https:\\\/\\\/i0.wp.com\\\/villavicenciodesign.com\\\/wp-content\\\/uploads\\\/2021\\\/02\\\/IMG_4554-scaled.jpg?fit=2560%2C1706&ssl=1\",\"datePublished\":\"2019-04-02T11:57:55+00:00\",\"dateModified\":\"2022-07-06T19:34:39+00:00\",\"description\":\"Panama Hatter teo classic, unisex model, natural straw 100% handwoven in Ecuador . Original Premium Panama Hat\",\"breadcrumb\":{\"@id\":\"https:\\\/\\\/villavicenciodesign.com\\\/product\\\/panama-hatter-teo-classic\\\/#breadcrumb\"},\"inLanguage\":\"nb-NO\",\"potentialAction\":[{\"@type\":\"ReadAction\",\"target\":[\"https:\\\/\\\/villavicenciodesign.com\\\/product\\\/panama-hatter-teo-classic\\\/\"]}]},{\"@type\":\"ImageObject\",\"inLanguage\":\"nb-NO\",\"@id\":\"https:\\\/\\\/villavicenciodesign.com\\\/product\\\/panama-hatter-teo-classic\\\/#primaryimage\",\"url\":\"https:\\\/\\\/i0.wp.com\\\/villavicenciodesign.com\\\/wp-content\\\/uploads\\\/2021\\\/02\\\/IMG_4554-scaled.jpg?fit=2560%2C1706&ssl=1\",\"contentUrl\":\"https:\\\/\\\/i0.wp.com\\\/villavicenciodesign.com\\\/wp-content\\\/uploads\\\/2021\\\/02\\\/IMG_4554-scaled.jpg?fit=2560%2C1706&ssl=1\",\"width\":2560,\"height\":1706,\"caption\":\"Villavicencio Design Teo Classic panama hat preview\"},{\"@type\":\"BreadcrumbList\",\"@id\":\"https:\\\/\\\/villavicenciodesign.com\\\/product\\\/panama-hatter-teo-classic\\\/#breadcrumb\",\"itemListElement\":[{\"@type\":\"ListItem\",\"position\":1,\"name\":\"Home\",\"item\":\"https:\\\/\\\/villavicenciodesign.com\\\/\"},{\"@type\":\"ListItem\",\"position\":2,\"name\":\"Shop\",\"item\":\"https:\\\/\\\/villavicenciodesign.com\\\/shop\\\/\"},{\"@type\":\"ListItem\",\"position\":3,\"name\":\"Teo Classic\"}]},{\"@type\":\"WebSite\",\"@id\":\"https:\\\/\\\/villavicenciodesign.com\\\/#website\",\"url\":\"https:\\\/\\\/villavicenciodesign.com\\\/\",\"name\":\"Villavicencio Design\",\"description\":\"Handwoven Panama Hats \",\"potentialAction\":[{\"@type\":\"SearchAction\",\"target\":{\"@type\":\"EntryPoint\",\"urlTemplate\":\"https:\\\/\\\/villavicenciodesign.com\\\/?s={search_term_string}\"},\"query-input\":{\"@type\":\"PropertyValueSpecification\",\"valueRequired\":true,\"valueName\":\"search_term_string\"}}],\"inLanguage\":\"nb-NO\"}]}<\/script>\n<!-- \/ Yoast SEO plugin. -->","yoast_head_json":{"title":"Teo Classic - Villavicencio Design","description":"Panama Hatter teo classic, unisex model, natural straw 100% handwoven in Ecuador . Original Premium Panama Hat","robots":{"index":"index","follow":"follow","max-snippet":"max-snippet:-1","max-image-preview":"max-image-preview:large","max-video-preview":"max-video-preview:-1"},"canonical":"https:\/\/villavicenciodesign.com\/nb\/produkt\/panama-hatter-teo-classic\/","og_locale":"nb_NO","og_type":"article","og_title":"Teo Classic - Villavicencio Design","og_description":"Panama Hatter teo classic, unisex model, natural straw 100% handwoven in Ecuador . Original Premium Panama Hat","og_url":"https:\/\/villavicenciodesign.com\/nb\/produkt\/panama-hatter-teo-classic\/","og_site_name":"Villavicencio Design","article_modified_time":"2022-07-06T19:34:39+00:00","og_image":[{"width":2560,"height":1706,"url":"http:\/\/villavicenciodesign.com\/wp-content\/uploads\/2021\/02\/IMG_4554-scaled.jpg","type":"image\/jpeg"}],"twitter_card":"summary_large_image","twitter_misc":{"Ansl. lesetid":"1 minutt"},"schema":{"@context":"https:\/\/schema.org","@graph":[{"@type":"WebPage","@id":"https:\/\/villavicenciodesign.com\/product\/panama-hatter-teo-classic\/","url":"https:\/\/villavicenciodesign.com\/product\/panama-hatter-teo-classic\/","name":"Teo Classic - Villavicencio Design","isPartOf":{"@id":"https:\/\/villavicenciodesign.com\/#website"},"primaryImageOfPage":{"@id":"https:\/\/villavicenciodesign.com\/product\/panama-hatter-teo-classic\/#primaryimage"},"image":{"@id":"https:\/\/villavicenciodesign.com\/product\/panama-hatter-teo-classic\/#primaryimage"},"thumbnailUrl":"https:\/\/i0.wp.com\/villavicenciodesign.com\/wp-content\/uploads\/2021\/02\/IMG_4554-scaled.jpg?fit=2560%2C1706&ssl=1","datePublished":"2019-04-02T11:57:55+00:00","dateModified":"2022-07-06T19:34:39+00:00","description":"Panama Hatter teo classic, unisex model, natural straw 100% handwoven in Ecuador . Original Premium Panama Hat","breadcrumb":{"@id":"https:\/\/villavicenciodesign.com\/product\/panama-hatter-teo-classic\/#breadcrumb"},"inLanguage":"nb-NO","potentialAction":[{"@type":"ReadAction","target":["https:\/\/villavicenciodesign.com\/product\/panama-hatter-teo-classic\/"]}]},{"@type":"ImageObject","inLanguage":"nb-NO","@id":"https:\/\/villavicenciodesign.com\/product\/panama-hatter-teo-classic\/#primaryimage","url":"https:\/\/i0.wp.com\/villavicenciodesign.com\/wp-content\/uploads\/2021\/02\/IMG_4554-scaled.jpg?fit=2560%2C1706&ssl=1","contentUrl":"https:\/\/i0.wp.com\/villavicenciodesign.com\/wp-content\/uploads\/2021\/02\/IMG_4554-scaled.jpg?fit=2560%2C1706&ssl=1","width":2560,"height":1706,"caption":"Villavicencio Design Teo Classic panama hat preview"},{"@type":"BreadcrumbList","@id":"https:\/\/villavicenciodesign.com\/product\/panama-hatter-teo-classic\/#breadcrumb","itemListElement":[{"@type":"ListItem","position":1,"name":"Home","item":"https:\/\/villavicenciodesign.com\/"},{"@type":"ListItem","position":2,"name":"Shop","item":"https:\/\/villavicenciodesign.com\/shop\/"},{"@type":"ListItem","position":3,"name":"Teo Classic"}]},{"@type":"WebSite","@id":"https:\/\/villavicenciodesign.com\/#website","url":"https:\/\/villavicenciodesign.com\/","name":"Villavicencio Design","description":"Handwoven Panama Hats","potentialAction":[{"@type":"SearchAction","target":{"@type":"EntryPoint","urlTemplate":"https:\/\/villavicenciodesign.com\/?s={search_term_string}"},"query-input":{"@type":"PropertyValueSpecification","valueRequired":true,"valueName":"search_term_string"}}],"inLanguage":"nb-NO"}]}},"jetpack_sharing_enabled":true,"_links":{"self":[{"href":"https:\/\/villavicenciodesign.com\/nb\/wp-json\/wp\/v2\/product\/25338","targetHints":{"allow":["GET"]}}],"collection":[{"href":"https:\/\/villavicenciodesign.com\/nb\/wp-json\/wp\/v2\/product"}],"about":[{"href":"https:\/\/villavicenciodesign.com\/nb\/wp-json\/wp\/v2\/types\/product"}],"wp:featuredmedia":[{"embeddable":true,"href":"https:\/\/villavicenciodesign.com\/nb\/wp-json\/wp\/v2\/media\/99257"}],"wp:attachment":[{"href":"https:\/\/villavicenciodesign.com\/nb\/wp-json\/wp\/v2\/media?parent=25338"}],"wp:term":[{"taxonomy":"product_cat","embeddable":true,"href":"https:\/\/villavicenciodesign.com\/nb\/wp-json\/wp\/v2\/product_cat?post=25338"},{"taxonomy":"product_tag","embeddable":true,"href":"https:\/\/villavicenciodesign.com\/nb\/wp-json\/wp\/v2\/product_tag?post=25338"}],"curies":[{"name":"wp","href":"https:\/\/api.w.org\/{rel}","templated":true}]}}