{"id":99318,"date":"2021-03-07T23:52:03","date_gmt":"2021-03-07T23:52:03","guid":{"rendered":"http:\/\/villavicenciodesign.com\/?post_type=product&#038;p=99318"},"modified":"2022-04-14T15:33:54","modified_gmt":"2022-04-14T15:33:54","slug":"teo-classic-italian-ribbon","status":"publish","type":"product","link":"https:\/\/villavicenciodesign.com\/nb\/produkt\/teo-classic-italian-ribbon\/","title":{"rendered":"Teo Classic Italian ribbon"},"content":{"rendered":"<section class=\"vc_row wpb_row vc_row-fluid  vc_custom_1550641386235   vc_row-has-fill\"><div class=\"wpb_column vc_column_container col-xs-mobile-fullwidth vc_col-sm-12 vc_col-md-6 wow fadeIn\" data-wow-delay= \"200ms\" data-wow-duration= \"1500ms\"><div class=\"vc_column-inner  hongo_responsive_1566294673742\"><div class=\"wpb_wrapper\"><div class=\"text-block-content hongo-text-block-1 vc_custom_1646037983471 last-paragraph-no-margin\"><p class=\"p1\">Villavicencio-hatter er 100 % h\u00e5ndvevd av ecuadorianske h\u00e5ndverkere. Det tar fra 1 til 3 uker \u00e5 h\u00e5ndlaget en komplett hatt.<\/p>\n<p class=\"p1\">V\u00e5r filosofi er basert p\u00e5 rettferdig handel, og holder b\u00e6rekraft mellom h\u00e5ndverkere og kunder.<\/p>\n<p class=\"p1\">Teo Classic Italian Ribon \u2013 Panamahatt er vevd av et naturlig lyst toquillastr\u00e5 og har et grosgrain-b\u00e5nd.<\/p>\n<\/div><\/div><\/div><\/div><div class=\"wpb_column vc_column_container col-xs-mobile-fullwidth vc_col-sm-12 vc_col-md-6 wow fadeIn\" data-wow-delay= \"400ms\" data-wow-duration= \"1500ms\"><div class=\"vc_column-inner\"><div class=\"wpb_wrapper\"><div class=\"wpb_single_image   vc_custom_1616287168461 hongo-full-width-single-image\">\n\t\t\t<figure class=\"wpb_wrapper vc_figure\">\n\t\t\t\t<div class=\"vc_single_image-wrapper\"><img loading=\"lazy\" decoding=\"async\" width=\"2560\" height=\"1702\" src=\"https:\/\/i0.wp.com\/villavicenciodesign.com\/wp-content\/uploads\/2021\/03\/DSC_0233-scaled.jpg?fit=2560%2C1702&amp;ssl=1\" class=\"vc_single_image-img attachment-full\" alt=\"\" srcset=\"https:\/\/i0.wp.com\/villavicenciodesign.com\/wp-content\/uploads\/2021\/03\/DSC_0233-scaled.jpg?w=2560&amp;ssl=1 2560w, https:\/\/i0.wp.com\/villavicenciodesign.com\/wp-content\/uploads\/2021\/03\/DSC_0233-scaled.jpg?resize=300%2C199&amp;ssl=1 300w, https:\/\/i0.wp.com\/villavicenciodesign.com\/wp-content\/uploads\/2021\/03\/DSC_0233-scaled.jpg?resize=1024%2C681&amp;ssl=1 1024w, https:\/\/i0.wp.com\/villavicenciodesign.com\/wp-content\/uploads\/2021\/03\/DSC_0233-scaled.jpg?resize=768%2C511&amp;ssl=1 768w, https:\/\/i0.wp.com\/villavicenciodesign.com\/wp-content\/uploads\/2021\/03\/DSC_0233-scaled.jpg?resize=1536%2C1021&amp;ssl=1 1536w, https:\/\/i0.wp.com\/villavicenciodesign.com\/wp-content\/uploads\/2021\/03\/DSC_0233-scaled.jpg?resize=2048%2C1362&amp;ssl=1 2048w, https:\/\/i0.wp.com\/villavicenciodesign.com\/wp-content\/uploads\/2021\/03\/DSC_0233-scaled.jpg?resize=84%2C56&amp;ssl=1 84w, https:\/\/i0.wp.com\/villavicenciodesign.com\/wp-content\/uploads\/2021\/03\/DSC_0233-scaled.jpg?resize=200%2C133&amp;ssl=1 200w, https:\/\/i0.wp.com\/villavicenciodesign.com\/wp-content\/uploads\/2021\/03\/DSC_0233-scaled.jpg?resize=450%2C299&amp;ssl=1 450w, https:\/\/i0.wp.com\/villavicenciodesign.com\/wp-content\/uploads\/2021\/03\/DSC_0233-scaled.jpg?resize=1188%2C790&amp;ssl=1 1188w, https:\/\/i0.wp.com\/villavicenciodesign.com\/wp-content\/uploads\/2021\/03\/DSC_0233-scaled.jpg?resize=360%2C239&amp;ssl=1 360w, https:\/\/i0.wp.com\/villavicenciodesign.com\/wp-content\/uploads\/2021\/03\/DSC_0233-scaled.jpg?resize=800%2C532&amp;ssl=1 800w\" sizes=\"auto, (max-width: 1000px) 100vw, 1000px\" \/><\/div>\n\t\t\t<\/figure>\n\t\t\t\n\t\t<\/div><\/div><\/div><\/div><\/section>","protected":false},"excerpt":{"rendered":"<p>Villavicencio hats are 100% handwoven by Ecuadorian artisans.<\/p>","protected":false},"featured_media":99328,"template":"","meta":[],"product_cat":[44,15],"product_tag":[],"class_list":{"0":"post-99318","1":"product","2":"type-product","3":"status-publish","4":"has-post-thumbnail","6":"product_cat-for-man","7":"product_cat-unisex","9":"first","10":"instock","11":"shipping-taxable","12":"purchasable","13":"product-type-variable"},"yoast_head":"<!-- This site is optimized with the Yoast SEO plugin v27.3 - https:\/\/yoast.com\/product\/yoast-seo-wordpress\/ -->\n<title>Teo Classic Italian ribbon - Villavicencio Design<\/title>\n<meta name=\"robots\" content=\"index, follow, max-snippet:-1, max-image-preview:large, max-video-preview:-1\" \/>\n<link rel=\"canonical\" href=\"https:\/\/villavicenciodesign.com\/nb\/produkt\/teo-classic-italian-ribbon\/\" \/>\n<meta property=\"og:locale\" content=\"nb_NO\" \/>\n<meta property=\"og:type\" content=\"article\" \/>\n<meta property=\"og:title\" content=\"Teo Classic Italian ribbon - Villavicencio Design\" \/>\n<meta property=\"og:description\" content=\"Villavicencio hats are 100% handwoven by Ecuadorian artisans.\" \/>\n<meta property=\"og:url\" content=\"https:\/\/villavicenciodesign.com\/nb\/produkt\/teo-classic-italian-ribbon\/\" \/>\n<meta property=\"og:site_name\" content=\"Villavicencio Design\" \/>\n<meta property=\"article:modified_time\" content=\"2022-04-14T15:33:54+00:00\" \/>\n<meta property=\"og:image\" content=\"http:\/\/villavicenciodesign.com\/wp-content\/uploads\/2021\/03\/IMG_4538-scaled.jpg\" \/>\n\t<meta property=\"og:image:width\" content=\"2560\" \/>\n\t<meta property=\"og:image:height\" content=\"1707\" \/>\n\t<meta property=\"og:image:type\" content=\"image\/jpeg\" \/>\n<meta name=\"twitter:card\" content=\"summary_large_image\" \/>\n<meta name=\"twitter:label1\" content=\"Ansl. lesetid\" \/>\n\t<meta name=\"twitter:data1\" content=\"1 minutt\" \/>\n<script type=\"application\/ld+json\" class=\"yoast-schema-graph\">{\"@context\":\"https:\\\/\\\/schema.org\",\"@graph\":[{\"@type\":\"WebPage\",\"@id\":\"https:\\\/\\\/villavicenciodesign.com\\\/product\\\/teo-classic-italian-ribbon\\\/\",\"url\":\"https:\\\/\\\/villavicenciodesign.com\\\/product\\\/teo-classic-italian-ribbon\\\/\",\"name\":\"Teo Classic Italian ribbon - Villavicencio Design\",\"isPartOf\":{\"@id\":\"https:\\\/\\\/villavicenciodesign.com\\\/#website\"},\"primaryImageOfPage\":{\"@id\":\"https:\\\/\\\/villavicenciodesign.com\\\/product\\\/teo-classic-italian-ribbon\\\/#primaryimage\"},\"image\":{\"@id\":\"https:\\\/\\\/villavicenciodesign.com\\\/product\\\/teo-classic-italian-ribbon\\\/#primaryimage\"},\"thumbnailUrl\":\"https:\\\/\\\/i0.wp.com\\\/villavicenciodesign.com\\\/wp-content\\\/uploads\\\/2021\\\/03\\\/IMG_4538-scaled.jpg?fit=2560%2C1707&ssl=1\",\"datePublished\":\"2021-03-07T23:52:03+00:00\",\"dateModified\":\"2022-04-14T15:33:54+00:00\",\"breadcrumb\":{\"@id\":\"https:\\\/\\\/villavicenciodesign.com\\\/product\\\/teo-classic-italian-ribbon\\\/#breadcrumb\"},\"inLanguage\":\"nb-NO\",\"potentialAction\":[{\"@type\":\"ReadAction\",\"target\":[\"https:\\\/\\\/villavicenciodesign.com\\\/product\\\/teo-classic-italian-ribbon\\\/\"]}]},{\"@type\":\"ImageObject\",\"inLanguage\":\"nb-NO\",\"@id\":\"https:\\\/\\\/villavicenciodesign.com\\\/product\\\/teo-classic-italian-ribbon\\\/#primaryimage\",\"url\":\"https:\\\/\\\/i0.wp.com\\\/villavicenciodesign.com\\\/wp-content\\\/uploads\\\/2021\\\/03\\\/IMG_4538-scaled.jpg?fit=2560%2C1707&ssl=1\",\"contentUrl\":\"https:\\\/\\\/i0.wp.com\\\/villavicenciodesign.com\\\/wp-content\\\/uploads\\\/2021\\\/03\\\/IMG_4538-scaled.jpg?fit=2560%2C1707&ssl=1\",\"width\":2560,\"height\":1707,\"caption\":\"Villavicencio Design Teo Classic Italian Ribbon panama hat preview\"},{\"@type\":\"BreadcrumbList\",\"@id\":\"https:\\\/\\\/villavicenciodesign.com\\\/product\\\/teo-classic-italian-ribbon\\\/#breadcrumb\",\"itemListElement\":[{\"@type\":\"ListItem\",\"position\":1,\"name\":\"Home\",\"item\":\"https:\\\/\\\/villavicenciodesign.com\\\/\"},{\"@type\":\"ListItem\",\"position\":2,\"name\":\"Shop\",\"item\":\"https:\\\/\\\/villavicenciodesign.com\\\/shop\\\/\"},{\"@type\":\"ListItem\",\"position\":3,\"name\":\"Teo Classic Italian ribbon\"}]},{\"@type\":\"WebSite\",\"@id\":\"https:\\\/\\\/villavicenciodesign.com\\\/#website\",\"url\":\"https:\\\/\\\/villavicenciodesign.com\\\/\",\"name\":\"Villavicencio Design\",\"description\":\"Handwoven Panama Hats \",\"potentialAction\":[{\"@type\":\"SearchAction\",\"target\":{\"@type\":\"EntryPoint\",\"urlTemplate\":\"https:\\\/\\\/villavicenciodesign.com\\\/?s={search_term_string}\"},\"query-input\":{\"@type\":\"PropertyValueSpecification\",\"valueRequired\":true,\"valueName\":\"search_term_string\"}}],\"inLanguage\":\"nb-NO\"}]}<\/script>\n<!-- \/ Yoast SEO plugin. -->","yoast_head_json":{"title":"Teo Classic Italian ribbon - Villavicencio Design","robots":{"index":"index","follow":"follow","max-snippet":"max-snippet:-1","max-image-preview":"max-image-preview:large","max-video-preview":"max-video-preview:-1"},"canonical":"https:\/\/villavicenciodesign.com\/nb\/produkt\/teo-classic-italian-ribbon\/","og_locale":"nb_NO","og_type":"article","og_title":"Teo Classic Italian ribbon - Villavicencio Design","og_description":"Villavicencio hats are 100% handwoven by Ecuadorian artisans.","og_url":"https:\/\/villavicenciodesign.com\/nb\/produkt\/teo-classic-italian-ribbon\/","og_site_name":"Villavicencio Design","article_modified_time":"2022-04-14T15:33:54+00:00","og_image":[{"width":2560,"height":1707,"url":"http:\/\/villavicenciodesign.com\/wp-content\/uploads\/2021\/03\/IMG_4538-scaled.jpg","type":"image\/jpeg"}],"twitter_card":"summary_large_image","twitter_misc":{"Ansl. lesetid":"1 minutt"},"schema":{"@context":"https:\/\/schema.org","@graph":[{"@type":"WebPage","@id":"https:\/\/villavicenciodesign.com\/product\/teo-classic-italian-ribbon\/","url":"https:\/\/villavicenciodesign.com\/product\/teo-classic-italian-ribbon\/","name":"Teo Classic Italian ribbon - Villavicencio Design","isPartOf":{"@id":"https:\/\/villavicenciodesign.com\/#website"},"primaryImageOfPage":{"@id":"https:\/\/villavicenciodesign.com\/product\/teo-classic-italian-ribbon\/#primaryimage"},"image":{"@id":"https:\/\/villavicenciodesign.com\/product\/teo-classic-italian-ribbon\/#primaryimage"},"thumbnailUrl":"https:\/\/i0.wp.com\/villavicenciodesign.com\/wp-content\/uploads\/2021\/03\/IMG_4538-scaled.jpg?fit=2560%2C1707&ssl=1","datePublished":"2021-03-07T23:52:03+00:00","dateModified":"2022-04-14T15:33:54+00:00","breadcrumb":{"@id":"https:\/\/villavicenciodesign.com\/product\/teo-classic-italian-ribbon\/#breadcrumb"},"inLanguage":"nb-NO","potentialAction":[{"@type":"ReadAction","target":["https:\/\/villavicenciodesign.com\/product\/teo-classic-italian-ribbon\/"]}]},{"@type":"ImageObject","inLanguage":"nb-NO","@id":"https:\/\/villavicenciodesign.com\/product\/teo-classic-italian-ribbon\/#primaryimage","url":"https:\/\/i0.wp.com\/villavicenciodesign.com\/wp-content\/uploads\/2021\/03\/IMG_4538-scaled.jpg?fit=2560%2C1707&ssl=1","contentUrl":"https:\/\/i0.wp.com\/villavicenciodesign.com\/wp-content\/uploads\/2021\/03\/IMG_4538-scaled.jpg?fit=2560%2C1707&ssl=1","width":2560,"height":1707,"caption":"Villavicencio Design Teo Classic Italian Ribbon panama hat preview"},{"@type":"BreadcrumbList","@id":"https:\/\/villavicenciodesign.com\/product\/teo-classic-italian-ribbon\/#breadcrumb","itemListElement":[{"@type":"ListItem","position":1,"name":"Home","item":"https:\/\/villavicenciodesign.com\/"},{"@type":"ListItem","position":2,"name":"Shop","item":"https:\/\/villavicenciodesign.com\/shop\/"},{"@type":"ListItem","position":3,"name":"Teo Classic Italian ribbon"}]},{"@type":"WebSite","@id":"https:\/\/villavicenciodesign.com\/#website","url":"https:\/\/villavicenciodesign.com\/","name":"Villavicencio Design","description":"Handwoven Panama Hats","potentialAction":[{"@type":"SearchAction","target":{"@type":"EntryPoint","urlTemplate":"https:\/\/villavicenciodesign.com\/?s={search_term_string}"},"query-input":{"@type":"PropertyValueSpecification","valueRequired":true,"valueName":"search_term_string"}}],"inLanguage":"nb-NO"}]}},"jetpack_sharing_enabled":true,"_links":{"self":[{"href":"https:\/\/villavicenciodesign.com\/nb\/wp-json\/wp\/v2\/product\/99318","targetHints":{"allow":["GET"]}}],"collection":[{"href":"https:\/\/villavicenciodesign.com\/nb\/wp-json\/wp\/v2\/product"}],"about":[{"href":"https:\/\/villavicenciodesign.com\/nb\/wp-json\/wp\/v2\/types\/product"}],"wp:featuredmedia":[{"embeddable":true,"href":"https:\/\/villavicenciodesign.com\/nb\/wp-json\/wp\/v2\/media\/99328"}],"wp:attachment":[{"href":"https:\/\/villavicenciodesign.com\/nb\/wp-json\/wp\/v2\/media?parent=99318"}],"wp:term":[{"taxonomy":"product_cat","embeddable":true,"href":"https:\/\/villavicenciodesign.com\/nb\/wp-json\/wp\/v2\/product_cat?post=99318"},{"taxonomy":"product_tag","embeddable":true,"href":"https:\/\/villavicenciodesign.com\/nb\/wp-json\/wp\/v2\/product_tag?post=99318"}],"curies":[{"name":"wp","href":"https:\/\/api.w.org\/{rel}","templated":true}]}}