{"id":99407,"date":"2021-03-08T00:26:32","date_gmt":"2021-03-08T00:26:32","guid":{"rendered":"http:\/\/villavicenciodesign.com\/?post_type=product&#038;p=99407"},"modified":"2022-07-06T19:44:05","modified_gmt":"2022-07-06T19:44:05","slug":"panama-hat-lady-platter","status":"publish","type":"product","link":"https:\/\/villavicenciodesign.com\/nb\/produkt\/panama-hat-lady-platter\/","title":{"rendered":"Lady Platter"},"content":{"rendered":"<section class=\"vc_row wpb_row vc_row-fluid  vc_custom_1550641386235   vc_row-has-fill\"><div class=\"wpb_column vc_column_container col-xs-mobile-fullwidth vc_col-sm-12 vc_col-md-6 wow fadeIn\" data-wow-delay= \"200ms\" data-wow-duration= \"1500ms\"><div class=\"vc_column-inner  hongo_responsive_1566294673742\"><div class=\"wpb_wrapper\"><div class=\"text-block-content hongo-text-block-1 vc_custom_1649290685801 last-paragraph-no-margin\"><p class=\"p1\">Villavicencio Design &#8211;\u00a0 Panama hat are 100% handwoven with the finest toquilla straw from Ecuador. Toquilla straw is also known as Carludovica Palmata.\u00a0 It takes from 1 to 3 weeks to handmade a complete hat.<\/p>\n<p class=\"p1\">V\u00e5r filosofi er basert p\u00e5 rettferdig handel, og holder b\u00e6rekraft mellom h\u00e5ndverkere og kunder.<\/p>\n<p>Villavicencio Design &#8211;\u00a0 Panama Hats are knows as stylish, breathable , light and the best quality for summer hats.<\/p>\n<p class=\"p1\">Lady Platter &#8211; Panama hat is woven from a natural light toquilla straw and has a grosgrain ribbon with our V logo.<\/p>\n<\/div><\/div><\/div><\/div><div class=\"wpb_column vc_column_container col-xs-mobile-fullwidth vc_col-sm-12 vc_col-md-6 wow fadeIn\" data-wow-delay= \"400ms\" data-wow-duration= \"1500ms\"><div class=\"vc_column-inner\"><div class=\"wpb_wrapper\"><div class=\"wpb_single_image   vc_custom_1616285675460 hongo-full-width-single-image\">\n\t\t\t<figure class=\"wpb_wrapper vc_figure\">\n\t\t\t\t<div class=\"vc_single_image-wrapper\"><img loading=\"lazy\" decoding=\"async\" width=\"2560\" height=\"1948\" src=\"https:\/\/i0.wp.com\/villavicenciodesign.com\/wp-content\/uploads\/2021\/03\/DSC_0214-scaled.jpg?fit=2560%2C1948&amp;ssl=1\" class=\"vc_single_image-img attachment-full\" alt=\"\" srcset=\"https:\/\/i0.wp.com\/villavicenciodesign.com\/wp-content\/uploads\/2021\/03\/DSC_0214-scaled.jpg?w=2560&amp;ssl=1 2560w, https:\/\/i0.wp.com\/villavicenciodesign.com\/wp-content\/uploads\/2021\/03\/DSC_0214-scaled.jpg?resize=300%2C228&amp;ssl=1 300w, https:\/\/i0.wp.com\/villavicenciodesign.com\/wp-content\/uploads\/2021\/03\/DSC_0214-scaled.jpg?resize=1024%2C779&amp;ssl=1 1024w, https:\/\/i0.wp.com\/villavicenciodesign.com\/wp-content\/uploads\/2021\/03\/DSC_0214-scaled.jpg?resize=768%2C584&amp;ssl=1 768w, https:\/\/i0.wp.com\/villavicenciodesign.com\/wp-content\/uploads\/2021\/03\/DSC_0214-scaled.jpg?resize=1536%2C1169&amp;ssl=1 1536w, https:\/\/i0.wp.com\/villavicenciodesign.com\/wp-content\/uploads\/2021\/03\/DSC_0214-scaled.jpg?resize=2048%2C1558&amp;ssl=1 2048w, https:\/\/i0.wp.com\/villavicenciodesign.com\/wp-content\/uploads\/2021\/03\/DSC_0214-scaled.jpg?resize=84%2C64&amp;ssl=1 84w, https:\/\/i0.wp.com\/villavicenciodesign.com\/wp-content\/uploads\/2021\/03\/DSC_0214-scaled.jpg?resize=200%2C152&amp;ssl=1 200w, https:\/\/i0.wp.com\/villavicenciodesign.com\/wp-content\/uploads\/2021\/03\/DSC_0214-scaled.jpg?resize=450%2C342&amp;ssl=1 450w, https:\/\/i0.wp.com\/villavicenciodesign.com\/wp-content\/uploads\/2021\/03\/DSC_0214-scaled.jpg?resize=1038%2C790&amp;ssl=1 1038w, https:\/\/i0.wp.com\/villavicenciodesign.com\/wp-content\/uploads\/2021\/03\/DSC_0214-scaled.jpg?resize=360%2C274&amp;ssl=1 360w, https:\/\/i0.wp.com\/villavicenciodesign.com\/wp-content\/uploads\/2021\/03\/DSC_0214-scaled.jpg?resize=800%2C609&amp;ssl=1 800w\" sizes=\"auto, (max-width: 1000px) 100vw, 1000px\" \/><\/div>\n\t\t\t<\/figure>\n\t\t\t\n\t\t<\/div><\/div><\/div><\/div><\/section>","protected":false},"excerpt":{"rendered":"<p class=\"p1\">Villavicencio hats are 100% handwoven by Ecuadorian artisans.<\/p>","protected":false},"featured_media":99408,"template":"","meta":[],"product_cat":[45],"product_tag":[],"class_list":{"0":"post-99407","1":"product","2":"type-product","3":"status-publish","4":"has-post-thumbnail","6":"product_cat-for-woman","8":"first","9":"instock","10":"shipping-taxable","11":"purchasable","12":"product-type-variable"},"yoast_head":"<!-- This site is optimized with the Yoast SEO plugin v27.4 - https:\/\/yoast.com\/product\/yoast-seo-wordpress\/ -->\n<title>Panama Hat - Villavicencio Design Lady Platter.<\/title>\n<meta name=\"description\" content=\"Panama Hat, 100% handwoven with the finest toquilla straw from Ecuador. Premium quality hats. Woman Hats. Summer hats\" \/>\n<meta name=\"robots\" content=\"index, follow, max-snippet:-1, max-image-preview:large, max-video-preview:-1\" \/>\n<link rel=\"canonical\" href=\"https:\/\/villavicenciodesign.com\/nb\/produkt\/panama-hat-lady-platter\/\" \/>\n<meta property=\"og:locale\" content=\"nb_NO\" \/>\n<meta property=\"og:type\" content=\"article\" \/>\n<meta property=\"og:title\" content=\"Panama Hat - Villavicencio Design Lady Platter.\" \/>\n<meta property=\"og:description\" content=\"Panama Hat, 100% handwoven with the finest toquilla straw from Ecuador. Premium quality hats. Woman Hats. Summer hats\" \/>\n<meta property=\"og:url\" content=\"https:\/\/villavicenciodesign.com\/nb\/produkt\/panama-hat-lady-platter\/\" \/>\n<meta property=\"og:site_name\" content=\"Villavicencio Design\" \/>\n<meta property=\"article:modified_time\" content=\"2022-07-06T19:44:05+00:00\" \/>\n<meta property=\"og:image\" content=\"http:\/\/villavicenciodesign.com\/wp-content\/uploads\/2021\/03\/IMG_4588-scaled.jpg\" \/>\n\t<meta property=\"og:image:width\" content=\"2560\" \/>\n\t<meta property=\"og:image:height\" content=\"1707\" \/>\n\t<meta property=\"og:image:type\" content=\"image\/jpeg\" \/>\n<meta name=\"twitter:card\" content=\"summary_large_image\" \/>\n<meta name=\"twitter:label1\" content=\"Ansl. lesetid\" \/>\n\t<meta name=\"twitter:data1\" content=\"1 minutt\" \/>\n<script type=\"application\/ld+json\" class=\"yoast-schema-graph\">{\"@context\":\"https:\\\/\\\/schema.org\",\"@graph\":[{\"@type\":\"WebPage\",\"@id\":\"https:\\\/\\\/villavicenciodesign.com\\\/product\\\/panama-hat-lady-platter\\\/\",\"url\":\"https:\\\/\\\/villavicenciodesign.com\\\/product\\\/panama-hat-lady-platter\\\/\",\"name\":\"Panama Hat - Villavicencio Design Lady Platter.\",\"isPartOf\":{\"@id\":\"https:\\\/\\\/villavicenciodesign.com\\\/#website\"},\"primaryImageOfPage\":{\"@id\":\"https:\\\/\\\/villavicenciodesign.com\\\/product\\\/panama-hat-lady-platter\\\/#primaryimage\"},\"image\":{\"@id\":\"https:\\\/\\\/villavicenciodesign.com\\\/product\\\/panama-hat-lady-platter\\\/#primaryimage\"},\"thumbnailUrl\":\"https:\\\/\\\/i0.wp.com\\\/villavicenciodesign.com\\\/wp-content\\\/uploads\\\/2021\\\/03\\\/IMG_4588-scaled.jpg?fit=2560%2C1707&ssl=1\",\"datePublished\":\"2021-03-08T00:26:32+00:00\",\"dateModified\":\"2022-07-06T19:44:05+00:00\",\"description\":\"Panama Hat, 100% handwoven with the finest toquilla straw from Ecuador. Premium quality hats. Woman Hats. Summer hats\",\"breadcrumb\":{\"@id\":\"https:\\\/\\\/villavicenciodesign.com\\\/product\\\/panama-hat-lady-platter\\\/#breadcrumb\"},\"inLanguage\":\"nb-NO\",\"potentialAction\":[{\"@type\":\"ReadAction\",\"target\":[\"https:\\\/\\\/villavicenciodesign.com\\\/product\\\/panama-hat-lady-platter\\\/\"]}]},{\"@type\":\"ImageObject\",\"inLanguage\":\"nb-NO\",\"@id\":\"https:\\\/\\\/villavicenciodesign.com\\\/product\\\/panama-hat-lady-platter\\\/#primaryimage\",\"url\":\"https:\\\/\\\/i0.wp.com\\\/villavicenciodesign.com\\\/wp-content\\\/uploads\\\/2021\\\/03\\\/IMG_4588-scaled.jpg?fit=2560%2C1707&ssl=1\",\"contentUrl\":\"https:\\\/\\\/i0.wp.com\\\/villavicenciodesign.com\\\/wp-content\\\/uploads\\\/2021\\\/03\\\/IMG_4588-scaled.jpg?fit=2560%2C1707&ssl=1\",\"width\":2560,\"height\":1707,\"caption\":\"Villavicencio Design Lady Platter panama hat preview\"},{\"@type\":\"BreadcrumbList\",\"@id\":\"https:\\\/\\\/villavicenciodesign.com\\\/product\\\/panama-hat-lady-platter\\\/#breadcrumb\",\"itemListElement\":[{\"@type\":\"ListItem\",\"position\":1,\"name\":\"Home\",\"item\":\"https:\\\/\\\/villavicenciodesign.com\\\/\"},{\"@type\":\"ListItem\",\"position\":2,\"name\":\"Shop\",\"item\":\"https:\\\/\\\/villavicenciodesign.com\\\/shop\\\/\"},{\"@type\":\"ListItem\",\"position\":3,\"name\":\"Lady Platter\"}]},{\"@type\":\"WebSite\",\"@id\":\"https:\\\/\\\/villavicenciodesign.com\\\/#website\",\"url\":\"https:\\\/\\\/villavicenciodesign.com\\\/\",\"name\":\"Villavicencio Design\",\"description\":\"Handwoven Panama Hats \",\"potentialAction\":[{\"@type\":\"SearchAction\",\"target\":{\"@type\":\"EntryPoint\",\"urlTemplate\":\"https:\\\/\\\/villavicenciodesign.com\\\/?s={search_term_string}\"},\"query-input\":{\"@type\":\"PropertyValueSpecification\",\"valueRequired\":true,\"valueName\":\"search_term_string\"}}],\"inLanguage\":\"nb-NO\"}]}<\/script>\n<!-- \/ Yoast SEO plugin. -->","yoast_head_json":{"title":"Panama Hat - Villavicencio Design Lady Platter.","description":"Panama Hat, 100% handwoven with the finest toquilla straw from Ecuador. Premium quality hats. Woman Hats. Summer hats","robots":{"index":"index","follow":"follow","max-snippet":"max-snippet:-1","max-image-preview":"max-image-preview:large","max-video-preview":"max-video-preview:-1"},"canonical":"https:\/\/villavicenciodesign.com\/nb\/produkt\/panama-hat-lady-platter\/","og_locale":"nb_NO","og_type":"article","og_title":"Panama Hat - Villavicencio Design Lady Platter.","og_description":"Panama Hat, 100% handwoven with the finest toquilla straw from Ecuador. Premium quality hats. Woman Hats. Summer hats","og_url":"https:\/\/villavicenciodesign.com\/nb\/produkt\/panama-hat-lady-platter\/","og_site_name":"Villavicencio Design","article_modified_time":"2022-07-06T19:44:05+00:00","og_image":[{"width":2560,"height":1707,"url":"http:\/\/villavicenciodesign.com\/wp-content\/uploads\/2021\/03\/IMG_4588-scaled.jpg","type":"image\/jpeg"}],"twitter_card":"summary_large_image","twitter_misc":{"Ansl. lesetid":"1 minutt"},"schema":{"@context":"https:\/\/schema.org","@graph":[{"@type":"WebPage","@id":"https:\/\/villavicenciodesign.com\/product\/panama-hat-lady-platter\/","url":"https:\/\/villavicenciodesign.com\/product\/panama-hat-lady-platter\/","name":"Panama Hat - Villavicencio Design Lady Platter.","isPartOf":{"@id":"https:\/\/villavicenciodesign.com\/#website"},"primaryImageOfPage":{"@id":"https:\/\/villavicenciodesign.com\/product\/panama-hat-lady-platter\/#primaryimage"},"image":{"@id":"https:\/\/villavicenciodesign.com\/product\/panama-hat-lady-platter\/#primaryimage"},"thumbnailUrl":"https:\/\/i0.wp.com\/villavicenciodesign.com\/wp-content\/uploads\/2021\/03\/IMG_4588-scaled.jpg?fit=2560%2C1707&ssl=1","datePublished":"2021-03-08T00:26:32+00:00","dateModified":"2022-07-06T19:44:05+00:00","description":"Panama Hat, 100% handwoven with the finest toquilla straw from Ecuador. Premium quality hats. Woman Hats. Summer hats","breadcrumb":{"@id":"https:\/\/villavicenciodesign.com\/product\/panama-hat-lady-platter\/#breadcrumb"},"inLanguage":"nb-NO","potentialAction":[{"@type":"ReadAction","target":["https:\/\/villavicenciodesign.com\/product\/panama-hat-lady-platter\/"]}]},{"@type":"ImageObject","inLanguage":"nb-NO","@id":"https:\/\/villavicenciodesign.com\/product\/panama-hat-lady-platter\/#primaryimage","url":"https:\/\/i0.wp.com\/villavicenciodesign.com\/wp-content\/uploads\/2021\/03\/IMG_4588-scaled.jpg?fit=2560%2C1707&ssl=1","contentUrl":"https:\/\/i0.wp.com\/villavicenciodesign.com\/wp-content\/uploads\/2021\/03\/IMG_4588-scaled.jpg?fit=2560%2C1707&ssl=1","width":2560,"height":1707,"caption":"Villavicencio Design Lady Platter panama hat preview"},{"@type":"BreadcrumbList","@id":"https:\/\/villavicenciodesign.com\/product\/panama-hat-lady-platter\/#breadcrumb","itemListElement":[{"@type":"ListItem","position":1,"name":"Home","item":"https:\/\/villavicenciodesign.com\/"},{"@type":"ListItem","position":2,"name":"Shop","item":"https:\/\/villavicenciodesign.com\/shop\/"},{"@type":"ListItem","position":3,"name":"Lady Platter"}]},{"@type":"WebSite","@id":"https:\/\/villavicenciodesign.com\/#website","url":"https:\/\/villavicenciodesign.com\/","name":"Villavicencio Design","description":"Handwoven Panama Hats","potentialAction":[{"@type":"SearchAction","target":{"@type":"EntryPoint","urlTemplate":"https:\/\/villavicenciodesign.com\/?s={search_term_string}"},"query-input":{"@type":"PropertyValueSpecification","valueRequired":true,"valueName":"search_term_string"}}],"inLanguage":"nb-NO"}]}},"jetpack_sharing_enabled":true,"_links":{"self":[{"href":"https:\/\/villavicenciodesign.com\/nb\/wp-json\/wp\/v2\/product\/99407","targetHints":{"allow":["GET"]}}],"collection":[{"href":"https:\/\/villavicenciodesign.com\/nb\/wp-json\/wp\/v2\/product"}],"about":[{"href":"https:\/\/villavicenciodesign.com\/nb\/wp-json\/wp\/v2\/types\/product"}],"wp:featuredmedia":[{"embeddable":true,"href":"https:\/\/villavicenciodesign.com\/nb\/wp-json\/wp\/v2\/media\/99408"}],"wp:attachment":[{"href":"https:\/\/villavicenciodesign.com\/nb\/wp-json\/wp\/v2\/media?parent=99407"}],"wp:term":[{"taxonomy":"product_cat","embeddable":true,"href":"https:\/\/villavicenciodesign.com\/nb\/wp-json\/wp\/v2\/product_cat?post=99407"},{"taxonomy":"product_tag","embeddable":true,"href":"https:\/\/villavicenciodesign.com\/nb\/wp-json\/wp\/v2\/product_tag?post=99407"}],"curies":[{"name":"wp","href":"https:\/\/api.w.org\/{rel}","templated":true}]}}